{"id":5163,"date":"2013-06-28T01:17:29","date_gmt":"2013-06-28T01:17:29","guid":{"rendered":"http:\/\/southbeachlanguages.com\/?page_id=5163"},"modified":"2024-02-15T02:51:47","modified_gmt":"2024-02-15T07:51:47","slug":"apply-from-your-country","status":"publish","type":"page","link":"https:\/\/southbeachlanguages.com\/de\/apply-from-your-country\/","title":{"rendered":"Einschreibung von Zuhause"},"content":{"rendered":"<p><div class=\"fusion-fullwidth fullwidth-box fusion-builder-row-1 hundred-percent-fullwidth non-hundred-percent-height-scrolling\" style=\"--awb-background-position:left top;--awb-border-sizes-top:0px;--awb-border-sizes-bottom:0px;--awb-border-sizes-left:0px;--awb-border-sizes-right:0px;--awb-border-radius-top-left:0px;--awb-border-radius-top-right:0px;--awb-border-radius-bottom-right:0px;--awb-border-radius-bottom-left:0px;--awb-padding-top:20px;--awb-padding-right:0px;--awb-padding-bottom:20px;--awb-padding-left:30px;--awb-flex-wrap:wrap;\" ><div class=\"fusion-builder-row fusion-row\"><div class=\"fusion-layout-column fusion_builder_column fusion-builder-column-0 fusion_builder_column_2_3 2_3 fusion-two-third fusion-column-first\" style=\"--awb-bg-size:cover;width:65.3333%; margin-right: 4%;\"><div class=\"fusion-column-wrapper fusion-flex-column-wrapper-legacy\"><div class=\"fusion-title title fusion-title-1 fusion-title-text fusion-title-size-two\"><h2 class=\"fusion-title-heading title-heading-left fusion-responsive-typography-calculated\" style=\"margin:0;--fontSize:36;line-height:1;\">Abfolge f\u00fcr Initial F1 Visa<br \/>\n(Ersteinschreiber)<\/h2><span class=\"awb-title-spacer\"><\/span><div class=\"title-sep-container\"><div class=\"title-sep sep-single sep-solid\" style=\"border-color:#e0dede;\"><\/div><\/div><\/div><div class=\"fusion-text fusion-text-1\"><p>Bitte schicke folgende Dokumente an <a href=\"mailto:marielisa@southbeachlanguages.com\">info@southbeachlanguages.com<\/a><\/p>\n<\/div><ul style=\"--awb-iconcolor:#747474;--awb-line-height:27.2px;--awb-icon-width:27.2px;--awb-icon-height:27.2px;--awb-icon-margin:11.2px;--awb-content-margin:38.4px;\" class=\"fusion-checklist fusion-checklist-1 fusion-checklist-default type-icons\"><li class=\"fusion-li-item\" style=\"\"><span class=\"icon-wrapper circle-no\"><i class=\"fusion-li-icon fa-check fas\" aria-hidden=\"true\"><\/i><\/span><div class=\"fusion-li-item-content\">\n<p>Application Form<\/p>\n<\/div><\/li><li class=\"fusion-li-item\" style=\"\"><span class=\"icon-wrapper circle-no\"><i class=\"fusion-li-icon fa-check fas\" aria-hidden=\"true\"><\/i><\/span><div class=\"fusion-li-item-content\">Kopie Reisepass<\/div><\/li><li class=\"fusion-li-item\" style=\"\"><span class=\"icon-wrapper circle-no\"><i class=\"fusion-li-icon fa-check fas\" aria-hidden=\"true\"><\/i><\/span><div class=\"fusion-li-item-content\">Bankauszug oder Bankbest\u00e4ttigung f\u00fcr &#8218;proof of funds&#8216;.<br \/>\nFalls Du ein Sponsor hast, bitte f\u00fclle den &#8218;Sponsor Affidavit Form&#8216; aus<\/div><\/li><\/ul><div class=\"fusion-text fusion-text-2\"><p>Einmal genehmigt\u00a0:<\/p>\n<\/div><ul style=\"--awb-iconcolor:#747474;--awb-line-height:27.2px;--awb-icon-width:27.2px;--awb-icon-height:27.2px;--awb-icon-margin:11.2px;--awb-content-margin:38.4px;\" class=\"fusion-checklist fusion-checklist-2 fusion-checklist-default type-icons\"><li class=\"fusion-li-item\" style=\"\"><span class=\"icon-wrapper circle-no\"><i class=\"fusion-li-icon fa fa-check\" aria-hidden=\"true\"><\/i><\/span><div class=\"fusion-li-item-content\">Innerhalb einer Woche wird Dir \u00a0South Beach Languages Dein I-20 Formular\u00a0via Express\u00a0Mail zuschicken.<\/div><\/li><li class=\"fusion-li-item\" style=\"\"><span class=\"icon-wrapper circle-no\"><i class=\"fusion-li-icon fa fa-check\" aria-hidden=\"true\"><\/i><\/span><div class=\"fusion-li-item-content\">Bezahle die\u00a0SEVIS Fee auf\u00a0<a title=\"Student and Exchange Visitor Program (SEVP) website\" href=\"https:\/\/www.fmjfee.com\/\" target=\"_blank\" rel=\"noopener noreferrer\">www.fmjfee.com<\/a>\u00a0nach Erhalt des I-20 und drucke die Zahlungsbest\u00e4tigung.<\/div><\/li><li class=\"fusion-li-item\" style=\"\"><span class=\"icon-wrapper circle-no\"><i class=\"fusion-li-icon fa fa-check\" aria-hidden=\"true\"><\/i><\/span><div class=\"fusion-li-item-content\">Buche\u00a0ein Termin bei der Amerikanischen Embassy. F\u00fcr Informationen\u00a0<a title=\"US Enbassy Site\" href=\"https:\/\/www.usembassy.gov\/\" target=\"_blank\" rel=\"noopener noreferrer\">www.usembassy.gov<\/a><\/div><\/li><li class=\"fusion-li-item\" style=\"\"><span class=\"icon-wrapper circle-no\"><i class=\"fusion-li-icon fa fa-check\" aria-hidden=\"true\"><\/i><\/span><div class=\"fusion-li-item-content\">Falls Dein Visa genehmigt wird, buche Dein Flug nach Miami!<\/div><\/li><\/ul><div class=\"fusion-title title fusion-title-2 fusion-title-text fusion-title-size-two\" style=\"--awb-margin-top:80px;--awb-margin-bottom:30px;\"><h2 class=\"fusion-title-heading title-heading-left fusion-responsive-typography-calculated\" style=\"margin:0;--fontSize:36;line-height:1;\">F1 Vorbereitungen<\/h2><span class=\"awb-title-spacer\"><\/span><div class=\"title-sep-container\"><div class=\"title-sep sep-single sep-solid\" style=\"border-color:#e0dede;\"><\/div><\/div><\/div><div class=\"fusion-text fusion-text-3\"><div class=\"fusion-tabs fusion-tabs-1 classic nav-is-justified horizontal-tabs icon-position-left mobile-mode-accordion\" style=\"--awb-title-border-radius-top-left:0px;--awb-title-border-radius-top-right:0px;--awb-title-border-radius-bottom-right:0px;--awb-title-border-radius-bottom-left:0px;--awb-inactive-color:#f7f7f7;--awb-background-color:#ffffff;--awb-border-color:#f7f7f7;--awb-active-border-color:#2761ab;\"><div class=\"nav\"><ul class=\"nav-tabs nav-justified\" role=\"tablist\"><li class=\"active\" role=\"presentation\"><a class=\"tab-link\" data-toggle=\"tab\" role=\"tab\" aria-controls=\"tab-aa8729bcbcc590496e5\" aria-selected=\"true\" id=\"fusion-tab-vorderabreise\" href=\"#tab-aa8729bcbcc590496e5\"><h4 class=\"fusion-tab-heading\">Vor der Abreise<\/h4><\/a><\/li><li role=\"presentation\"><a class=\"tab-link\" data-toggle=\"tab\" role=\"tab\" aria-controls=\"tab-11d2ad5e84cdf4cabf1\" aria-selected=\"false\" tabindex=\"-1\" id=\"fusion-tab-ersterschultag\" href=\"#tab-11d2ad5e84cdf4cabf1\"><h4 class=\"fusion-tab-heading\">Erster Schultag<\/h4><\/a><\/li><\/ul><\/div><div class=\"tab-content\"><div class=\"nav fusion-mobile-tab-nav\"><ul class=\"nav-tabs nav-justified\" role=\"tablist\"><li class=\"active\" role=\"presentation\"><a class=\"tab-link\" data-toggle=\"tab\" role=\"tab\" aria-controls=\"tab-aa8729bcbcc590496e5\" aria-selected=\"true\" id=\"mobile-fusion-tab-vorderabreise\" href=\"#tab-aa8729bcbcc590496e5\"><h4 class=\"fusion-tab-heading\">Vor der Abreise<\/h4><\/a><\/li><\/ul><\/div><div class=\"tab-pane fade fusion-clearfix in active\" role=\"tabpanel\" tabindex=\"0\" aria-labelledby=\"fusion-tab-vorderabreise\" id=\"tab-aa8729bcbcc590496e5\">\n<ul style=\"--awb-iconcolor:#747474;--awb-line-height:27.2px;--awb-icon-width:27.2px;--awb-icon-height:27.2px;--awb-icon-margin:11.2px;--awb-content-margin:38.4px;\" class=\"fusion-checklist fusion-checklist-3 fusion-checklist-default type-icons\"><\/p>\n\n<li class=\"fusion-li-item\" style=\"\"><span class=\"icon-wrapper circle-no\"><i class=\"fusion-li-icon fa fa-check\" aria-hidden=\"true\"><\/i><\/span><div class=\"fusion-li-item-content\">Nachdem Dein Visa genehmigt wurde, solltest Du den Flug buchen. Bei Gesetz kannst Du 30 Tage bevor Dein Studium beginnt in die USA einreisen.<\/div><\/li>\n<li class=\"fusion-li-item\" style=\"\"><span class=\"icon-wrapper circle-no\"><i class=\"fusion-li-icon fa fa-check\" aria-hidden=\"true\"><\/i><\/span><div class=\"fusion-li-item-content\">Wir empfehlen Dir leichte Kleider einzupacken. South Florida geniesst im Durchschnitt 30\u00b0 das ganze Jahr, von Dezember &#8211; Februar kann es frischer werden.<\/div><\/li>\n<li class=\"fusion-li-item\" style=\"\"><span class=\"icon-wrapper circle-no\"><i class=\"fusion-li-icon fa fa-check\" aria-hidden=\"true\"><\/i><\/span><div class=\"fusion-li-item-content\">Am Reisetag musst Du dein I-20, Reisepass mit F1 Visa, SEVIS Zahlungsbest\u00e4tigung und Deine Bankdokumente im Handgep\u00e4ck mitbringen. Bitte beachte, dass Du dein Gep\u00e4ck erst nach der Passkontrolle (Immigration) erh\u00e4ltst.<\/div><\/li>\n\n<p><\/ul>\n<\/div><div class=\"nav fusion-mobile-tab-nav\"><ul class=\"nav-tabs nav-justified\" role=\"tablist\"><li role=\"presentation\"><a class=\"tab-link\" data-toggle=\"tab\" role=\"tab\" aria-controls=\"tab-11d2ad5e84cdf4cabf1\" aria-selected=\"false\" tabindex=\"-1\" id=\"mobile-fusion-tab-ersterschultag\" href=\"#tab-11d2ad5e84cdf4cabf1\"><h4 class=\"fusion-tab-heading\">Erster Schultag<\/h4><\/a><\/li><\/ul><\/div><div class=\"tab-pane fade fusion-clearfix\" role=\"tabpanel\" tabindex=\"0\" aria-labelledby=\"fusion-tab-vorderabreise\" id=\"tab-11d2ad5e84cdf4cabf1\">\n<ul style=\"--awb-iconcolor:#747474;--awb-line-height:27.2px;--awb-icon-width:27.2px;--awb-icon-height:27.2px;--awb-icon-margin:11.2px;--awb-content-margin:38.4px;\" class=\"fusion-checklist fusion-checklist-4 fusion-checklist-default type-icons\"><\/p>\n\n<li class=\"fusion-li-item\" style=\"\"><span class=\"icon-wrapper circle-no\"><i class=\"fusion-li-icon fa fa-check\" aria-hidden=\"true\"><\/i><\/span><div class=\"fusion-li-item-content\">Du musst Dich beim School Official von South Beach Languages melden. Bitte bringe alle Dokumente mit.<\/div><\/li>\n<li class=\"fusion-li-item\" style=\"\"><span class=\"icon-wrapper circle-no\"><i class=\"fusion-li-icon fa fa-check\" aria-hidden=\"true\"><\/i><\/span><div class=\"fusion-li-item-content\">Wir werden dir ein Einstufungstest geben und dein Englisch Level bestimmen. F1 Studenten m\u00fcssen Minimum an 18 Stunden per Woche teilnehmen und k\u00f6nnen jeden Montag anfangen. Wir haben Vormittags-, Nachmittags- und Abendklassen.<\/div><\/li>\n<li class=\"fusion-li-item\" style=\"\"><span class=\"icon-wrapper circle-no\"><i class=\"fusion-li-icon fa fa-check\" aria-hidden=\"true\"><\/i><\/span><div class=\"fusion-li-item-content\">Nach der ersten Minimumbezahlung k\u00f6nnen die Studenten monatlich bezahlen. Du kannst aber auch den ganzen Betrag im Voraus bezahlen und wir geben Dir\u00a0einen Discount.<\/div><\/li>\n\n<p><\/ul>\n<\/div><\/div><\/div>\n<\/div><div class=\"fusion-clearfix\"><\/div><\/div><\/div><\/div><\/div><div class=\"fusion-fullwidth fullwidth-box fusion-builder-row-2 hundred-percent-fullwidth non-hundred-percent-height-scrolling\" style=\"--awb-border-radius-top-left:0px;--awb-border-radius-top-right:0px;--awb-border-radius-bottom-right:0px;--awb-border-radius-bottom-left:0px;--awb-overflow:visible;--awb-padding-right:30px;--awb-padding-left:30px;--awb-flex-wrap:wrap;\" ><div class=\"fusion-builder-row fusion-row\"><div class=\"fusion-layout-column fusion_builder_column fusion-builder-column-1 fusion_builder_column_1_1 1_1 fusion-one-full fusion-column-first fusion-column-last fusion-column-no-min-height\" style=\"--awb-bg-size:cover;--awb-margin-bottom:0px;\"><div class=\"fusion-column-wrapper fusion-flex-column-wrapper-legacy\"><div class=\"fusion-text fusion-text-4\"><div class=\"fusion-fullwidth fullwidth-box fusion-builder-row-2-1 fusion-parallax-none nonhundred-percent-fullwidth non-hundred-percent-height-scrolling\" style=\"--awb-background-position:center bottom;--awb-border-sizes-top:0px;--awb-border-sizes-bottom:0px;--awb-border-sizes-left:0px;--awb-border-sizes-right:0px;--awb-border-radius-top-left:0px;--awb-border-radius-top-right:0px;--awb-border-radius-bottom-right:0px;--awb-border-radius-bottom-left:0px;--awb-padding-top:90px;--awb-padding-bottom:90px;--awb-background-color:#e2e2e2;--awb-background-image:url(&quot;http:\/\/southbeachlanguages.com\/wp-content\/uploads\/2012\/07\/CTA-Background.jpg&quot;);--awb-background-size:cover;--awb-flex-wrap:wrap;\" ><div class=\"fusion-builder-row fusion-row\"><div class=\"fusion-layout-column fusion_builder_column fusion-builder-column-2 fusion_builder_column_1_2 1_2 fusion-one-half fusion-column-first fusion-column-inner-bg-wrapper\" style=\"--awb-inner-bg-size:cover;width:48%; margin-right: 4%;\"><span class=\"fusion-column-inner-bg hover-type-none\"><a class=\"fusion-column-anchor\" href=\"http:\/\/southbeachlanguages.com\/contact-us\/\"><span class=\"fusion-column-inner-bg-image\"><\/span><\/a><\/span><div class=\"fusion-column-wrapper fusion-flex-column-wrapper-legacy\"><div class=\"fusion-image-element fusion-image-align-center in-legacy-container\" style=\"text-align:center;--awb-caption-title-font-family:var(--h2_typography-font-family);--awb-caption-title-font-weight:var(--h2_typography-font-weight);--awb-caption-title-font-style:var(--h2_typography-font-style);--awb-caption-title-size:var(--h2_typography-font-size);--awb-caption-title-transform:var(--h2_typography-text-transform);--awb-caption-title-line-height:var(--h2_typography-line-height);--awb-caption-title-letter-spacing:var(--h2_typography-letter-spacing);\"><div class=\"imageframe-align-center\"><span class=\" fusion-imageframe imageframe-none imageframe-1 hover-type-none\"><a class=\"fusion-no-lightbox\" href=\"#\" target=\"_self\"><img decoding=\"async\" alt=\"Contact Us\" src=\"http:\/\/southbeachlanguages.com\/wp-content\/uploads\/2012\/07\/Contact-Us-150x150.png\" class=\"img-responsive\"\/><\/a><\/span><\/div><\/div><div class=\"fusion-title title fusion-title-3 fusion-sep-none fusion-title-center fusion-title-text fusion-title-size-three\" style=\"--awb-margin-top:20px;\"><h3 class=\"fusion-title-heading title-heading-center fusion-responsive-typography-calculated\" style=\"margin:0;--fontSize:26;--minFontSize:26;line-height:1.56;\">CONTACT US<\/h3><\/div><div class=\"fusion-clearfix\"><\/div><\/div><\/div><div class=\"fusion-layout-column fusion_builder_column fusion-builder-column-3 fusion_builder_column_1_2 1_2 fusion-one-half fusion-column-last fusion-column-inner-bg-wrapper\" style=\"--awb-inner-bg-size:cover;width:48%;\"><span class=\"fusion-column-inner-bg hover-type-none\"><a class=\"fusion-column-anchor\" href=\"http:\/\/southbeachlanguages.com\/english-test\/\"><span class=\"fusion-column-inner-bg-image\"><\/span><\/a><\/span><div class=\"fusion-column-wrapper fusion-flex-column-wrapper-legacy\"><div class=\"fusion-image-element fusion-image-align-center in-legacy-container\" style=\"text-align:center;--awb-caption-title-font-family:var(--h2_typography-font-family);--awb-caption-title-font-weight:var(--h2_typography-font-weight);--awb-caption-title-font-style:var(--h2_typography-font-style);--awb-caption-title-size:var(--h2_typography-font-size);--awb-caption-title-transform:var(--h2_typography-text-transform);--awb-caption-title-line-height:var(--h2_typography-line-height);--awb-caption-title-letter-spacing:var(--h2_typography-letter-spacing);\"><div class=\"imageframe-align-center\"><span class=\" fusion-imageframe imageframe-none imageframe-2 hover-type-none\"><a class=\"fusion-no-lightbox\" href=\"#\" target=\"_self\"><img decoding=\"async\" alt=\"Take Online English Test\" src=\"http:\/\/southbeachlanguages.com\/wp-content\/uploads\/2012\/07\/English-Test-150x150.png\" class=\"img-responsive\"\/><\/a><\/span><\/div><\/div><div class=\"fusion-title title fusion-title-4 fusion-sep-none fusion-title-center fusion-title-text fusion-title-size-three\" style=\"--awb-margin-top:20px;\"><h3 class=\"fusion-title-heading title-heading-center fusion-responsive-typography-calculated\" style=\"margin:0;--fontSize:26;--minFontSize:26;line-height:1.56;\">ENGLISH TEST<\/h3><\/div><div class=\"fusion-clearfix\"><\/div><\/div><\/div><\/div><\/div>\n\n<\/div><div class=\"fusion-clearfix\"><\/div><\/div><\/div><\/div><\/div><\/p>\n","protected":false},"excerpt":{"rendered":"","protected":false},"author":8,"featured_media":0,"parent":0,"menu_order":2,"comment_status":"closed","ping_status":"closed","template":"100-width.php","meta":{"footnotes":""},"class_list":["post-5163","page","type-page","status-publish","hentry"],"yoast_head":"<!-- This site is optimized with the Yoast SEO plugin v27.2 - https:\/\/yoast.com\/product\/yoast-seo-wordpress\/ -->\n<title>Einschreibung von Zuhause - South Beach Languages<\/title>\n<meta name=\"robots\" content=\"index, follow, max-snippet:-1, max-image-preview:large, max-video-preview:-1\" \/>\n<link rel=\"canonical\" href=\"https:\/\/sbl.edu\/de\/apply-from-your-country\/\" \/>\n<meta property=\"og:locale\" content=\"de_DE\" \/>\n<meta property=\"og:type\" content=\"article\" \/>\n<meta property=\"og:title\" content=\"Einschreibung von Zuhause - South Beach Languages\" \/>\n<meta property=\"og:url\" content=\"https:\/\/sbl.edu\/de\/apply-from-your-country\/\" \/>\n<meta property=\"og:site_name\" content=\"South Beach Languages\" \/>\n<meta property=\"article:modified_time\" content=\"2024-02-15T07:51:47+00:00\" \/>\n<meta name=\"twitter:label1\" content=\"Gesch\u00e4tzte Lesezeit\" \/>\n\t<meta name=\"twitter:data1\" content=\"2\u00a0Minuten\" \/>\n<script type=\"application\/ld+json\" class=\"yoast-schema-graph\">{\"@context\":\"https:\/\/schema.org\",\"@graph\":[{\"@type\":\"WebPage\",\"@id\":\"https:\/\/sbl.edu\/de\/apply-from-your-country\/\",\"url\":\"https:\/\/sbl.edu\/de\/apply-from-your-country\/\",\"name\":\"Einschreibung von Zuhause - South Beach Languages\",\"isPartOf\":{\"@id\":\"https:\/\/southbeachlanguages.com\/de\/#website\"},\"datePublished\":\"2013-06-28T01:17:29+00:00\",\"dateModified\":\"2024-02-15T07:51:47+00:00\",\"breadcrumb\":{\"@id\":\"https:\/\/sbl.edu\/de\/apply-from-your-country\/#breadcrumb\"},\"inLanguage\":\"de\",\"potentialAction\":[{\"@type\":\"ReadAction\",\"target\":[\"https:\/\/sbl.edu\/de\/apply-from-your-country\/\"]}]},{\"@type\":\"BreadcrumbList\",\"@id\":\"https:\/\/sbl.edu\/de\/apply-from-your-country\/#breadcrumb\",\"itemListElement\":[{\"@type\":\"ListItem\",\"position\":1,\"name\":\"Home\",\"item\":\"https:\/\/southbeachlanguages.com\/de\/\"},{\"@type\":\"ListItem\",\"position\":2,\"name\":\"Einschreibung von Zuhause\"}]},{\"@type\":\"WebSite\",\"@id\":\"https:\/\/southbeachlanguages.com\/de\/#website\",\"url\":\"https:\/\/southbeachlanguages.com\/de\/\",\"name\":\"South Beach Languages\",\"description\":\"Language Schools in Miami and Hollywood - Learn English\",\"potentialAction\":[{\"@type\":\"SearchAction\",\"target\":{\"@type\":\"EntryPoint\",\"urlTemplate\":\"https:\/\/southbeachlanguages.com\/de\/?s={search_term_string}\"},\"query-input\":{\"@type\":\"PropertyValueSpecification\",\"valueRequired\":true,\"valueName\":\"search_term_string\"}}],\"inLanguage\":\"de\"}]}<\/script>\n<!-- \/ Yoast SEO plugin. -->","yoast_head_json":{"title":"Einschreibung von Zuhause - South Beach Languages","robots":{"index":"index","follow":"follow","max-snippet":"max-snippet:-1","max-image-preview":"max-image-preview:large","max-video-preview":"max-video-preview:-1"},"canonical":"https:\/\/sbl.edu\/de\/apply-from-your-country\/","og_locale":"de_DE","og_type":"article","og_title":"Einschreibung von Zuhause - South Beach Languages","og_url":"https:\/\/sbl.edu\/de\/apply-from-your-country\/","og_site_name":"South Beach Languages","article_modified_time":"2024-02-15T07:51:47+00:00","twitter_misc":{"Gesch\u00e4tzte Lesezeit":"2\u00a0Minuten"},"schema":{"@context":"https:\/\/schema.org","@graph":[{"@type":"WebPage","@id":"https:\/\/sbl.edu\/de\/apply-from-your-country\/","url":"https:\/\/sbl.edu\/de\/apply-from-your-country\/","name":"Einschreibung von Zuhause - South Beach Languages","isPartOf":{"@id":"https:\/\/southbeachlanguages.com\/de\/#website"},"datePublished":"2013-06-28T01:17:29+00:00","dateModified":"2024-02-15T07:51:47+00:00","breadcrumb":{"@id":"https:\/\/sbl.edu\/de\/apply-from-your-country\/#breadcrumb"},"inLanguage":"de","potentialAction":[{"@type":"ReadAction","target":["https:\/\/sbl.edu\/de\/apply-from-your-country\/"]}]},{"@type":"BreadcrumbList","@id":"https:\/\/sbl.edu\/de\/apply-from-your-country\/#breadcrumb","itemListElement":[{"@type":"ListItem","position":1,"name":"Home","item":"https:\/\/southbeachlanguages.com\/de\/"},{"@type":"ListItem","position":2,"name":"Einschreibung von Zuhause"}]},{"@type":"WebSite","@id":"https:\/\/southbeachlanguages.com\/de\/#website","url":"https:\/\/southbeachlanguages.com\/de\/","name":"South Beach Languages","description":"Language Schools in Miami and Hollywood - Learn English","potentialAction":[{"@type":"SearchAction","target":{"@type":"EntryPoint","urlTemplate":"https:\/\/southbeachlanguages.com\/de\/?s={search_term_string}"},"query-input":{"@type":"PropertyValueSpecification","valueRequired":true,"valueName":"search_term_string"}}],"inLanguage":"de"}]}},"_links":{"self":[{"href":"https:\/\/southbeachlanguages.com\/de\/wp-json\/wp\/v2\/pages\/5163","targetHints":{"allow":["GET"]}}],"collection":[{"href":"https:\/\/southbeachlanguages.com\/de\/wp-json\/wp\/v2\/pages"}],"about":[{"href":"https:\/\/southbeachlanguages.com\/de\/wp-json\/wp\/v2\/types\/page"}],"author":[{"embeddable":true,"href":"https:\/\/southbeachlanguages.com\/de\/wp-json\/wp\/v2\/users\/8"}],"replies":[{"embeddable":true,"href":"https:\/\/southbeachlanguages.com\/de\/wp-json\/wp\/v2\/comments?post=5163"}],"version-history":[{"count":1,"href":"https:\/\/southbeachlanguages.com\/de\/wp-json\/wp\/v2\/pages\/5163\/revisions"}],"predecessor-version":[{"id":19799,"href":"https:\/\/southbeachlanguages.com\/de\/wp-json\/wp\/v2\/pages\/5163\/revisions\/19799"}],"wp:attachment":[{"href":"https:\/\/southbeachlanguages.com\/de\/wp-json\/wp\/v2\/media?parent=5163"}],"curies":[{"name":"wp","href":"https:\/\/api.w.org\/{rel}","templated":true}]}}