{"id":4592,"date":"2013-07-08T00:30:56","date_gmt":"2013-07-08T00:30:56","guid":{"rendered":"https:\/\/sbl.leadsdrive.com\/?page_id=4592"},"modified":"2025-11-20T14:37:29","modified_gmt":"2025-11-20T19:37:29","slug":"ingles-intensivo","status":"publish","type":"page","link":"https:\/\/southbeachlanguages.com\/es\/ingles-intensivo\/","title":{"rendered":"Ingl\u00e9s Intensivo"},"content":{"rendered":"<p><div class=\"fusion-fullwidth fullwidth-box fusion-builder-row-1 nonhundred-percent-fullwidth non-hundred-percent-height-scrolling\" style=\"--awb-background-position:left top;--awb-border-sizes-top:0px;--awb-border-sizes-bottom:0px;--awb-border-sizes-left:0px;--awb-border-sizes-right:0px;--awb-border-radius-top-left:0px;--awb-border-radius-top-right:0px;--awb-border-radius-bottom-right:0px;--awb-border-radius-bottom-left:0px;--awb-padding-top:20px;--awb-padding-bottom:20px;--awb-flex-wrap:wrap;\" ><div class=\"fusion-builder-row fusion-row\"><div class=\"fusion-layout-column fusion_builder_column fusion-builder-column-0 fusion_builder_column_2_3 2_3 fusion-two-third fusion-column-first\" style=\"--awb-bg-size:cover;width:65.3333%; margin-right: 4%;\"><div class=\"fusion-column-wrapper fusion-flex-column-wrapper-legacy\"><div class=\"fusion-text fusion-text-1\" style=\"--awb-text-transform:none;\"><p>Por Ley Federal, South Beach Languages est\u00e1 autorizada para admitir estudiantes no-inmigrantes (F1 visa) tanto en nuestra sede de Miami Beach como en la de Hollywood, Florida.<\/p>\n<ul>\n<li>Ofrecemos 12 niveles de ingl\u00e9s.<\/li>\n<li>Utilizamos el M\u00e9todo Comunicativo enfatizando la inmersi\u00f3n del estudiante en el idioma ingl\u00e9s.<\/li>\n<li>Las clases son dictadas por profesores americanos certificados y con amplia experiencia.<\/li>\n<li>Muchos de los estudiantes graduados en nuestro programa de ingl\u00e9s, contin\u00faan sus estudios en universidades dentro de Estados Unidos.<\/li>\n<\/ul>\n<\/div><div class=\"fusion-sep-clear\"><\/div><div class=\"fusion-separator fusion-full-width-sep\" style=\"margin-left: auto;margin-right: auto;margin-top:30px;width:100%;\"><\/div><div class=\"fusion-sep-clear\"><\/div><div class=\"fusion-title title fusion-title-1 fusion-title-text fusion-title-size-two\"><h2 class=\"fusion-title-heading title-heading-left fusion-responsive-typography-calculated\" style=\"margin:0;--fontSize:36;line-height:1;\">Caracter\u00edsticas del Curso<\/h2><span class=\"awb-title-spacer\"><\/span><div class=\"title-sep-container\"><div class=\"title-sep sep-single sep-solid\" style=\"border-color:#e0dede;\"><\/div><\/div><\/div><ul style=\"--awb-size:13px;--awb-iconcolor:#2761ab;--awb-line-height:22.1px;--awb-icon-width:22.1px;--awb-icon-height:22.1px;--awb-icon-margin:9.1px;--awb-content-margin:31.2px;\" class=\"fusion-checklist fusion-checklist-1 fusion-checklist-default type-icons\"><li class=\"fusion-li-item\" style=\"\"><span class=\"icon-wrapper circle-no\"><i class=\"fusion-li-icon fa-check fas\" aria-hidden=\"true\"><\/i><\/span><div class=\"fusion-li-item-content\">\n<p>El Programa de Ingl\u00e9s Intensivo incluye:<br \/>\nClase de ingl\u00e9s general: gram\u00e1tica, redacci\u00f3n, vocabulario y comunicaci\u00f3n oral.<br \/>\nClase de conversaci\u00f3n en ingl\u00e9s: comunicaci\u00f3n oral, pronunciaci\u00f3n y reducci\u00f3n del acento.<\/p>\n<\/div><\/li><li class=\"fusion-li-item\" style=\"\"><span class=\"icon-wrapper circle-no\"><i class=\"fusion-li-icon fa-check fas\" aria-hidden=\"true\"><\/i><\/span><div class=\"fusion-li-item-content\">\n<p>El estudiante debe tomar un examen de nivelaci\u00f3n el primer d\u00eda de clases para determinar su nivel.<\/p>\n<\/div><\/li><li class=\"fusion-li-item\" style=\"\"><span class=\"icon-wrapper circle-no\"><i class=\"fusion-li-icon fa-check fas\" aria-hidden=\"true\"><\/i><\/span><div class=\"fusion-li-item-content\">\n<p>Al finalizar sus estudios, el estudiante recibe un certificado.<\/p>\n<\/div><\/li><li class=\"fusion-li-item\" style=\"\"><span class=\"icon-wrapper circle-no\"><i class=\"fusion-li-icon fa-check fas\" aria-hidden=\"true\"><\/i><\/span><div class=\"fusion-li-item-content\">\n<p>Los estudiantes pueden iniciar clases la mayor\u00eda de los lunes. (Por favor confirma con el colegio tu fecha de inicio)<\/p>\n<\/div><\/li><\/ul><div class=\"fusion-sep-clear\"><\/div><div class=\"fusion-separator fusion-full-width-sep\" style=\"margin-left: auto;margin-right: auto;margin-top:30px;width:100%;\"><\/div><div class=\"fusion-sep-clear\"><\/div><div class=\"fusion-title title fusion-title-2 fusion-title-text fusion-title-size-two\"><h2 class=\"fusion-title-heading title-heading-left fusion-responsive-typography-calculated\" style=\"margin:0;--fontSize:36;line-height:1;\"><p id=\"tw-target-text\" class=\"tw-data-text tw-ta tw-text-medium\" dir=\"ltr\" data-placeholder=\"Translation\"><span lang=\"es\">Programas y Precios<\/span><\/p><\/h2><span class=\"awb-title-spacer\"><\/span><div class=\"title-sep-container\"><div class=\"title-sep sep-single sep-solid\" style=\"border-color:#e0dede;\"><\/div><\/div><\/div><div class=\"fusion-sep-clear\"><\/div><div class=\"fusion-separator fusion-full-width-sep\" style=\"margin-left: auto;margin-right: auto;margin-top:30px;width:100%;\"><\/div><div class=\"fusion-sep-clear\"><\/div><div class=\"fusion-text fusion-text-2\" style=\"--awb-text-transform:none;\"><div class=\"table-1\">\n<table width=\"100%\">\n<thead>\n<tr>\n<th align=\"left\">MIAMI BEACH<\/th>\n<th align=\"left\">Horario<\/th>\n<th align=\"left\">Precio mensual<\/th>\n<\/tr>\n<\/thead>\n<tbody>\n<tr>\n<td>Ma\u00f1ana<\/td>\n<td><span class=\"aBn\" tabindex=\"0\" data-term=\"goog_1764976176\"><span class=\"aQJ\">8:30am-2:30,<\/span><\/span> Lunes, martes, mi\u00e9rcoles<\/td>\n<td style=\"text-align: center;\">$499<\/td>\n<\/tr>\n<tr>\n<td>Tarde<\/td>\n<td>12pm-6pm, Lunes, martes, mi\u00e9rcoles<\/td>\n<td style=\"text-align: center;\">Por favor pregunte<\/td>\n<\/tr>\n<tr>\n<td><\/td>\n<td><\/td>\n<td style=\"text-align: center;\"><\/td>\n<\/tr>\n<tr>\n<td colspan=\"3\"><i>Especial: $450 mensuales pagando 3 meses por adelantado.<br \/>\n$399 mensuales pagando 6 meses por adelantado.<\/i><\/td>\n<\/tr>\n<\/tbody>\n<\/table>\n<\/div>\n<\/div><div class=\"fusion-sep-clear\"><\/div><div class=\"fusion-separator fusion-full-width-sep\" style=\"margin-left: auto;margin-right: auto;margin-top:30px;width:100%;\"><\/div><div class=\"fusion-sep-clear\"><\/div><div class=\"fusion-text fusion-text-3\" style=\"--awb-text-transform:none;\"><div class=\"table-1\">\n<table width=\"100%\">\n<thead>\n<tr>\n<th align=\"left\">HOLLYWOOD<\/th>\n<th align=\"left\">Horario<\/th>\n<th align=\"left\">Precio mensual<\/th>\n<\/tr>\n<\/thead>\n<tbody>\n<tr>\n<td>Ma\u00f1ana<\/td>\n<td><span class=\"aBn\" tabindex=\"0\" data-term=\"goog_1764976176\"><span class=\"aQJ\">8:30am-2:30,<\/span><\/span> Lunes, martes, mi\u00e9rcoles<\/td>\n<td style=\"text-align: center;\">$499<\/td>\n<\/tr>\n<tr>\n<td><\/td>\n<td><\/td>\n<td style=\"text-align: center;\"><\/td>\n<\/tr>\n<tr>\n<td>Noche<\/td>\n<td><span class=\"aBn\" tabindex=\"0\" data-term=\"goog_1764976178\"><span class=\"aQJ\">5:30-10pm<\/span><\/span> Lunes, martes, mi\u00e9rcoles y jueves<\/td>\n<td style=\"text-align: center;\">$499<\/td>\n<\/tr>\n<tr>\n<td colspan=\"3\"><i>Especial: $450 mensuales pagando 3 meses por adelantado.<br \/>\n$399 mensuales pagando 6 meses por adelantado.<\/i><\/td>\n<\/tr>\n<\/tbody>\n<\/table>\n<\/div>\n<\/div><div class=\"fusion-clearfix\"><\/div><\/div><\/div><div class=\"fusion-layout-column fusion_builder_column fusion-builder-column-1 fusion_builder_column_1_3 1_3 fusion-one-third fusion-column-last\" style=\"--awb-bg-size:cover;width:30.6666%;\"><div class=\"fusion-column-wrapper fusion-flex-column-wrapper-legacy\"><div class=\"fusion-widget-area awb-widget-area-element fusion-widget-area-1 fusion-content-widget-area\" style=\"--awb-title-size:20px;--awb-title-color:#2761ab;--awb-padding:0px 0px 0px 0px;\"><div class=\"fusion-additional-widget-content\"><\/div><\/div><div class=\"fusion-clearfix\"><\/div><\/div><\/div><\/div><\/div><div class=\"fusion-fullwidth fullwidth-box fusion-builder-row-2 hundred-percent-fullwidth non-hundred-percent-height-scrolling\" style=\"--awb-border-radius-top-left:0px;--awb-border-radius-top-right:0px;--awb-border-radius-bottom-right:0px;--awb-border-radius-bottom-left:0px;--awb-overflow:visible;--awb-padding-right:30px;--awb-padding-left:30px;--awb-flex-wrap:wrap;\" ><div class=\"fusion-builder-row fusion-row\"><div class=\"fusion-layout-column fusion_builder_column fusion-builder-column-2 fusion_builder_column_1_1 1_1 fusion-one-full fusion-column-first fusion-column-last fusion-column-no-min-height\" style=\"--awb-bg-size:cover;--awb-margin-bottom:0px;\"><div class=\"fusion-column-wrapper fusion-flex-column-wrapper-legacy\"><div class=\"fusion-text fusion-text-4\"><div class=\"fusion-fullwidth fullwidth-box fusion-builder-row-2-1 fusion-parallax-none nonhundred-percent-fullwidth non-hundred-percent-height-scrolling\" style=\"--awb-background-position:center bottom;--awb-border-sizes-top:0px;--awb-border-sizes-bottom:0px;--awb-border-sizes-left:0px;--awb-border-sizes-right:0px;--awb-border-radius-top-left:0px;--awb-border-radius-top-right:0px;--awb-border-radius-bottom-right:0px;--awb-border-radius-bottom-left:0px;--awb-padding-top:90px;--awb-padding-bottom:90px;--awb-background-color:#e2e2e2;--awb-background-image:url(&quot;http:\/\/southbeachlanguages.com\/wp-content\/uploads\/2012\/07\/CTA-Background.jpg&quot;);--awb-background-size:cover;--awb-flex-wrap:wrap;\" ><div class=\"fusion-builder-row fusion-row\"><div class=\"fusion-layout-column fusion_builder_column fusion-builder-column-3 fusion_builder_column_1_2 1_2 fusion-one-half fusion-column-first fusion-column-inner-bg-wrapper\" style=\"--awb-inner-bg-size:cover;width:48%; margin-right: 4%;\"><span class=\"fusion-column-inner-bg hover-type-none\"><a class=\"fusion-column-anchor\" href=\"http:\/\/southbeachlanguages.com\/contact-us\/\"><span class=\"fusion-column-inner-bg-image\"><\/span><\/a><\/span><div class=\"fusion-column-wrapper fusion-flex-column-wrapper-legacy\"><div class=\"fusion-image-element fusion-image-align-center in-legacy-container\" style=\"text-align:center;--awb-caption-title-font-family:var(--h2_typography-font-family);--awb-caption-title-font-weight:var(--h2_typography-font-weight);--awb-caption-title-font-style:var(--h2_typography-font-style);--awb-caption-title-size:var(--h2_typography-font-size);--awb-caption-title-transform:var(--h2_typography-text-transform);--awb-caption-title-line-height:var(--h2_typography-line-height);--awb-caption-title-letter-spacing:var(--h2_typography-letter-spacing);\"><div class=\"imageframe-align-center\"><span class=\" fusion-imageframe imageframe-none imageframe-1 hover-type-none\"><a class=\"fusion-no-lightbox\" href=\"#\" target=\"_self\"><img decoding=\"async\" alt=\"Contact Us\" src=\"http:\/\/southbeachlanguages.com\/wp-content\/uploads\/2012\/07\/Contact-Us-150x150.png\" class=\"img-responsive\"\/><\/a><\/span><\/div><\/div><div class=\"fusion-title title fusion-title-3 fusion-sep-none fusion-title-center fusion-title-text fusion-title-size-three\" style=\"--awb-margin-top:20px;\"><h3 class=\"fusion-title-heading title-heading-center fusion-responsive-typography-calculated\" style=\"margin:0;--fontSize:26;--minFontSize:26;line-height:1.56;\">CONTACT US<\/h3><\/div><div class=\"fusion-clearfix\"><\/div><\/div><\/div><div class=\"fusion-layout-column fusion_builder_column fusion-builder-column-4 fusion_builder_column_1_2 1_2 fusion-one-half fusion-column-last fusion-column-inner-bg-wrapper\" style=\"--awb-inner-bg-size:cover;width:48%;\"><span class=\"fusion-column-inner-bg hover-type-none\"><a class=\"fusion-column-anchor\" href=\"http:\/\/southbeachlanguages.com\/english-test\/\"><span class=\"fusion-column-inner-bg-image\"><\/span><\/a><\/span><div class=\"fusion-column-wrapper fusion-flex-column-wrapper-legacy\"><div class=\"fusion-image-element fusion-image-align-center in-legacy-container\" style=\"text-align:center;--awb-caption-title-font-family:var(--h2_typography-font-family);--awb-caption-title-font-weight:var(--h2_typography-font-weight);--awb-caption-title-font-style:var(--h2_typography-font-style);--awb-caption-title-size:var(--h2_typography-font-size);--awb-caption-title-transform:var(--h2_typography-text-transform);--awb-caption-title-line-height:var(--h2_typography-line-height);--awb-caption-title-letter-spacing:var(--h2_typography-letter-spacing);\"><div class=\"imageframe-align-center\"><span class=\" fusion-imageframe imageframe-none imageframe-2 hover-type-none\"><a class=\"fusion-no-lightbox\" href=\"#\" target=\"_self\"><img decoding=\"async\" alt=\"Take Online English Test\" src=\"http:\/\/southbeachlanguages.com\/wp-content\/uploads\/2012\/07\/English-Test-150x150.png\" class=\"img-responsive\"\/><\/a><\/span><\/div><\/div><div class=\"fusion-title title fusion-title-4 fusion-sep-none fusion-title-center fusion-title-text fusion-title-size-three\" style=\"--awb-margin-top:20px;\"><h3 class=\"fusion-title-heading title-heading-center fusion-responsive-typography-calculated\" style=\"margin:0;--fontSize:26;--minFontSize:26;line-height:1.56;\">ENGLISH TEST<\/h3><\/div><div class=\"fusion-clearfix\"><\/div><\/div><\/div><\/div><\/div>\n\n<\/div><div class=\"fusion-clearfix\"><\/div><\/div><\/div><\/div><\/div><\/p>\n","protected":false},"excerpt":{"rendered":"","protected":false},"author":8,"featured_media":0,"parent":0,"menu_order":0,"comment_status":"closed","ping_status":"closed","template":"100-width.php","meta":{"footnotes":""},"class_list":["post-4592","page","type-page","status-publish","hentry"],"yoast_head":"<!-- This site is optimized with the Yoast SEO plugin v27.2 - https:\/\/yoast.com\/product\/yoast-seo-wordpress\/ -->\n<title>Programas de ingl\u00e9s, Clases y Precios de los cursos en South Beach Languages<\/title>\n<meta name=\"description\" content=\"Nuestro programa de ingl\u00e9s ofrece clases en la ma\u00f1ana y en la tarde, cursos de vacaciones y cursos intensivos, adem\u00e1s de TOEFL e ingl\u00e9s para negocios\" \/>\n<meta name=\"robots\" content=\"index, follow, max-snippet:-1, max-image-preview:large, max-video-preview:-1\" \/>\n<link rel=\"canonical\" href=\"https:\/\/sbl.edu\/es\/ingles-intensivo\/\" \/>\n<meta property=\"og:locale\" content=\"es_ES\" \/>\n<meta property=\"og:type\" content=\"article\" \/>\n<meta property=\"og:title\" content=\"Programas de ingl\u00e9s, Clases y Precios de los cursos en South Beach Languages\" \/>\n<meta property=\"og:description\" content=\"Nuestro programa de ingl\u00e9s ofrece clases en la ma\u00f1ana y en la tarde, cursos de vacaciones y cursos intensivos, adem\u00e1s de TOEFL e ingl\u00e9s para negocios\" \/>\n<meta property=\"og:url\" content=\"https:\/\/sbl.edu\/es\/ingles-intensivo\/\" \/>\n<meta property=\"og:site_name\" content=\"South Beach Languages\" \/>\n<meta property=\"article:modified_time\" content=\"2025-11-20T19:37:29+00:00\" \/>\n<meta name=\"twitter:label1\" content=\"Tiempo de lectura\" \/>\n\t<meta name=\"twitter:data1\" content=\"2 minutos\" \/>\n<script type=\"application\/ld+json\" class=\"yoast-schema-graph\">{\"@context\":\"https:\/\/schema.org\",\"@graph\":[{\"@type\":\"WebPage\",\"@id\":\"https:\/\/sbl.edu\/es\/ingles-intensivo\/\",\"url\":\"https:\/\/sbl.edu\/es\/ingles-intensivo\/\",\"name\":\"Programas de ingl\u00e9s, Clases y Precios de los cursos en South Beach Languages\",\"isPartOf\":{\"@id\":\"https:\/\/southbeachlanguages.com\/ru\/#website\"},\"datePublished\":\"2013-07-08T00:30:56+00:00\",\"dateModified\":\"2025-11-20T19:37:29+00:00\",\"description\":\"Nuestro programa de ingl\u00e9s ofrece clases en la ma\u00f1ana y en la tarde, cursos de vacaciones y cursos intensivos, adem\u00e1s de TOEFL e ingl\u00e9s para negocios\",\"breadcrumb\":{\"@id\":\"https:\/\/sbl.edu\/es\/ingles-intensivo\/#breadcrumb\"},\"inLanguage\":\"es\",\"potentialAction\":[{\"@type\":\"ReadAction\",\"target\":[\"https:\/\/sbl.edu\/es\/ingles-intensivo\/\"]}]},{\"@type\":\"BreadcrumbList\",\"@id\":\"https:\/\/sbl.edu\/es\/ingles-intensivo\/#breadcrumb\",\"itemListElement\":[{\"@type\":\"ListItem\",\"position\":1,\"name\":\"Home\",\"item\":\"https:\/\/ec2-34-232-87-1.compute-1.amazonaws.com\/es\/\"},{\"@type\":\"ListItem\",\"position\":2,\"name\":\"Ingl\u00e9s Intensivo\"}]},{\"@type\":\"WebSite\",\"@id\":\"https:\/\/southbeachlanguages.com\/ru\/#website\",\"url\":\"https:\/\/southbeachlanguages.com\/ru\/\",\"name\":\"South Beach Languages\",\"description\":\"Language Schools in Miami and Hollywood - Learn English\",\"potentialAction\":[{\"@type\":\"SearchAction\",\"target\":{\"@type\":\"EntryPoint\",\"urlTemplate\":\"https:\/\/southbeachlanguages.com\/ru\/?s={search_term_string}\"},\"query-input\":{\"@type\":\"PropertyValueSpecification\",\"valueRequired\":true,\"valueName\":\"search_term_string\"}}],\"inLanguage\":\"es\"}]}<\/script>\n<!-- \/ Yoast SEO plugin. -->","yoast_head_json":{"title":"Programas de ingl\u00e9s, Clases y Precios de los cursos en South Beach Languages","description":"Nuestro programa de ingl\u00e9s ofrece clases en la ma\u00f1ana y en la tarde, cursos de vacaciones y cursos intensivos, adem\u00e1s de TOEFL e ingl\u00e9s para negocios","robots":{"index":"index","follow":"follow","max-snippet":"max-snippet:-1","max-image-preview":"max-image-preview:large","max-video-preview":"max-video-preview:-1"},"canonical":"https:\/\/sbl.edu\/es\/ingles-intensivo\/","og_locale":"es_ES","og_type":"article","og_title":"Programas de ingl\u00e9s, Clases y Precios de los cursos en South Beach Languages","og_description":"Nuestro programa de ingl\u00e9s ofrece clases en la ma\u00f1ana y en la tarde, cursos de vacaciones y cursos intensivos, adem\u00e1s de TOEFL e ingl\u00e9s para negocios","og_url":"https:\/\/sbl.edu\/es\/ingles-intensivo\/","og_site_name":"South Beach Languages","article_modified_time":"2025-11-20T19:37:29+00:00","twitter_misc":{"Tiempo de lectura":"2 minutos"},"schema":{"@context":"https:\/\/schema.org","@graph":[{"@type":"WebPage","@id":"https:\/\/sbl.edu\/es\/ingles-intensivo\/","url":"https:\/\/sbl.edu\/es\/ingles-intensivo\/","name":"Programas de ingl\u00e9s, Clases y Precios de los cursos en South Beach Languages","isPartOf":{"@id":"https:\/\/southbeachlanguages.com\/ru\/#website"},"datePublished":"2013-07-08T00:30:56+00:00","dateModified":"2025-11-20T19:37:29+00:00","description":"Nuestro programa de ingl\u00e9s ofrece clases en la ma\u00f1ana y en la tarde, cursos de vacaciones y cursos intensivos, adem\u00e1s de TOEFL e ingl\u00e9s para negocios","breadcrumb":{"@id":"https:\/\/sbl.edu\/es\/ingles-intensivo\/#breadcrumb"},"inLanguage":"es","potentialAction":[{"@type":"ReadAction","target":["https:\/\/sbl.edu\/es\/ingles-intensivo\/"]}]},{"@type":"BreadcrumbList","@id":"https:\/\/sbl.edu\/es\/ingles-intensivo\/#breadcrumb","itemListElement":[{"@type":"ListItem","position":1,"name":"Home","item":"https:\/\/ec2-34-232-87-1.compute-1.amazonaws.com\/es\/"},{"@type":"ListItem","position":2,"name":"Ingl\u00e9s Intensivo"}]},{"@type":"WebSite","@id":"https:\/\/southbeachlanguages.com\/ru\/#website","url":"https:\/\/southbeachlanguages.com\/ru\/","name":"South Beach Languages","description":"Language Schools in Miami and Hollywood - Learn English","potentialAction":[{"@type":"SearchAction","target":{"@type":"EntryPoint","urlTemplate":"https:\/\/southbeachlanguages.com\/ru\/?s={search_term_string}"},"query-input":{"@type":"PropertyValueSpecification","valueRequired":true,"valueName":"search_term_string"}}],"inLanguage":"es"}]}},"_links":{"self":[{"href":"https:\/\/southbeachlanguages.com\/es\/wp-json\/wp\/v2\/pages\/4592","targetHints":{"allow":["GET"]}}],"collection":[{"href":"https:\/\/southbeachlanguages.com\/es\/wp-json\/wp\/v2\/pages"}],"about":[{"href":"https:\/\/southbeachlanguages.com\/es\/wp-json\/wp\/v2\/types\/page"}],"author":[{"embeddable":true,"href":"https:\/\/southbeachlanguages.com\/es\/wp-json\/wp\/v2\/users\/8"}],"replies":[{"embeddable":true,"href":"https:\/\/southbeachlanguages.com\/es\/wp-json\/wp\/v2\/comments?post=4592"}],"version-history":[{"count":11,"href":"https:\/\/southbeachlanguages.com\/es\/wp-json\/wp\/v2\/pages\/4592\/revisions"}],"predecessor-version":[{"id":20168,"href":"https:\/\/southbeachlanguages.com\/es\/wp-json\/wp\/v2\/pages\/4592\/revisions\/20168"}],"wp:attachment":[{"href":"https:\/\/southbeachlanguages.com\/es\/wp-json\/wp\/v2\/media?parent=4592"}],"curies":[{"name":"wp","href":"https:\/\/api.w.org\/{rel}","templated":true}]}}