{"id":8523,"date":"2016-09-06T12:28:13","date_gmt":"2016-09-06T16:28:13","guid":{"rendered":"http:\/\/southbeachlanguages.com\/es\/about\/"},"modified":"2024-11-28T13:56:53","modified_gmt":"2024-11-28T18:56:53","slug":"acerca-de","status":"publish","type":"page","link":"https:\/\/southbeachlanguages.com\/es\/acerca-de\/","title":{"rendered":"Acerca de"},"content":{"rendered":"<p><div class=\"fusion-fullwidth fullwidth-box fusion-builder-row-1 nonhundred-percent-fullwidth non-hundred-percent-height-scrolling\" style=\"--awb-background-position:left top;--awb-border-radius-top-left:0px;--awb-border-radius-top-right:0px;--awb-border-radius-bottom-right:0px;--awb-border-radius-bottom-left:0px;--awb-padding-top:20px;--awb-padding-bottom:20px;--awb-border-sizes-top:0px;--awb-border-sizes-bottom:0px;--awb-flex-wrap:wrap;\" ><div class=\"fusion-builder-row fusion-row\"><div class=\"fusion-layout-column fusion_builder_column fusion-builder-column-0 fusion_builder_column_2_3 2_3 fusion-two-third fusion-column-first\" style=\"--awb-bg-size:cover;width:65.3333%; margin-right: 4%;\"><div class=\"fusion-column-wrapper fusion-flex-column-wrapper-legacy\"><div class=\"fusion-title title fusion-title-1 fusion-title-text fusion-title-size-two\"><h2 class=\"fusion-title-heading title-heading-left fusion-responsive-typography-calculated\" style=\"margin:0;--fontSize:36;line-height:1;\">Mision<\/h2><span class=\"awb-title-spacer\"><\/span><div class=\"title-sep-container\"><div class=\"title-sep sep-single sep-solid\" style=\"border-color:#e0dede;\"><\/div><\/div><\/div><div class=\"fusion-text fusion-text-1\"><p>South Beach Languages fue creado en el 2003 por profesores de ingl\u00e9s de la zona. Desde ese entonces hemos ense\u00f1ado a m\u00e1s de 5000 estudiantes provenientes de m\u00e1s de 50 pa\u00edses. Cada d\u00eda nuestro profesorado y personal administrativo se esfuerzan al m\u00e1ximo para cubrir las necesidades de cada uno de los estudiantes.<\/p>\n<p>Nuestra misi\u00f3n es satisfacer las necesidades de los estudiantes proporcion\u00e1ndoles programas excepcionales, instructores y actividades para una integraci\u00f3n al entorno de manera \u00fanica.<\/p>\n<p>Nuestras clases enfatizan el desarrollo de la comunicaci\u00f3n acad\u00e9mica, social y profesional.<\/p>\n<\/div><div class=\"fusion-title title fusion-title-2 fusion-title-text fusion-title-size-two\"><h2 class=\"fusion-title-heading title-heading-left fusion-responsive-typography-calculated\" style=\"margin:0;--fontSize:36;line-height:1;\">\u00bfPor qu\u00e9 escogernos?<\/h2><span class=\"awb-title-spacer\"><\/span><div class=\"title-sep-container\"><div class=\"title-sep sep-single sep-solid\" style=\"border-color:#e0dede;\"><\/div><\/div><\/div><div class=\"fusion-text fusion-text-2\"><ul>\n<li><strong>Maestros:<\/strong> Con experiencia, certificados y din\u00e1micos, quienes asesoran a nuestros estudiantes durante el proceso de aprendizaje.<\/li>\n<li><strong>Seguimiento acad\u00e9mico<\/strong>: El progreso de nuestros estudiantes se mide a trav\u00e9s de tareas, cuestionarios, ensayos escritos y presentaciones verbales.<\/li>\n<li><strong>Horarios:<\/strong> En la ma\u00f1ana y en tarde.<\/li>\n<li><strong>Ubicaciones<\/strong>: Una de nuestras sedes se encuentra en la mundialmente famosa zona de South Beach; y la otra est\u00e1 ubicada a 40 minutos hacia el norte, en la moderna ciudad de Hollywood, Florida.<\/li>\n<li><strong>Precios<\/strong>: Ofrecemos clases de ingl\u00e9s intensivas (18 horas semanales) desde $399\/mes.<\/li>\n<li><strong>Atenci\u00f3n Personal:<\/strong> Ofrecemos asistencia personalizada sobre las necesidades acad\u00e9micas y de visa de nuestros estudiantes.<\/li>\n<\/ul>\n<\/div><div class=\"fusion-title title fusion-title-3 fusion-title-text fusion-title-size-two\"><h2 class=\"fusion-title-heading title-heading-left fusion-responsive-typography-calculated\" style=\"margin:0;--fontSize:36;line-height:1;\">Enfoque de Aprendizaje<\/h2><span class=\"awb-title-spacer\"><\/span><div class=\"title-sep-container\"><div class=\"title-sep sep-single sep-solid\" style=\"border-color:#e0dede;\"><\/div><\/div><\/div><div class=\"fusion-text fusion-text-3\"><p> Nuestro m\u00e9todo de aprendizaje &#8216;Communicative Language Teaching&#8217; (CLT) enfatiza la interacci\u00f3n y \u201cel aprender haciendo\u201d como objetivo para el apredizaje del idioma ingl\u00e9s. Con nuestro enfoque de aprendizaje CLT:<\/p>\n<ul>\n<li>Aprenden conversaci\u00f3n, gram\u00e1tica, vocabulario y otras habilidades a trav\u00e9s del contexto.<\/li>\n<li>Aprenden mediante inmersi\u00f3n, estudiando ingl\u00e9s con hablantes nativos.<\/li>\n<li>Se comunican con sus profesores, compa\u00f1eros de clase y personal, solamente a trav\u00e9s del ingl\u00e9s.<\/li>\n<li>Participan en actividades grupales, en ingl\u00e9s, que se enfocan en la colaboraci\u00f3n, el pensamiento cr\u00edtico y la creatividad.<\/li>\n<li>Los profesores conectan el aprendizaje en el aula con actividades pr\u00e1cticas de la vida real, fuera del aula.<\/li>\n<li>Los profesores aprovechan las \u00faltimas herramientas y tecnolog\u00edas en l\u00ednea para acelerar el proceso de la adquisici\u00f3n del lenguaje por parte de sus estudiantes.<\/li>\n<\/ul>\n<\/div><div class=\"fusion-title title fusion-title-4 fusion-title-text fusion-title-size-two\"><h2 class=\"fusion-title-heading title-heading-left fusion-responsive-typography-calculated\" style=\"margin:0;--fontSize:36;line-height:1;\">Saludo de nuestro Director<\/h2><span class=\"awb-title-spacer\"><\/span><div class=\"title-sep-container\"><div class=\"title-sep sep-single sep-solid\" style=\"border-color:#e0dede;\"><\/div><\/div><\/div><div class=\"fusion-text fusion-text-4\"><p><img decoding=\"async\" class=\"alignleft size-full wp-image-17090\" src=\"http:\/\/southbeachlanguages.com\/wp-content\/uploads\/2018\/11\/greg-degnan-director-sobela.jpg\" alt=\"Greg Degnan\" width=\"158\" height=\"201\" \/><\/p>\n<p><b>SBL<\/b> naci\u00f3 en 2003 en Miami Beach,\u00a0 con 1 habitaci\u00f3n y 1 estudiante.<br \/>\nSu nombre era Mauricio. Necesitaba practicar su conversaci\u00f3n en ingl\u00e9s con el fin de presentar una entrevista de trabajo en un hotel de Miami Beach.\u00a0 As\u00ed que le ofrec\u00ed un caf\u00e9 y lo satur\u00e9 de preguntas.<br \/>\nAl rato llam\u00f3 diciendo: \u201d\u00a1Consegu\u00ed el trabajo!\u201d<br \/>\nDesde la an\u00e9cdota de Mauricio, m\u00e1s de 20 a\u00f1os transcurridos, hemos ense\u00f1ado a miles de estudiantes; pero siempre nuestra misi\u00f3n ha sido centrarnos en las necesidades individuales de los estudiantes.<br \/>\n\u00a1\u00danete a nosotros y deja que SBL sea tu \u00abhogar lejos del hogar\u00bb!\u00a0 Greg D.<\/p>\n<p><b>Nuestra misi\u00f3n <\/b>es satisfacer las necesidades individuales de los estudiantes brind\u00e1ndoles programas, instructores y actividades excepcionales dentro de un entorno de inmersi\u00f3n diverso.<br \/>\nNuestras clases de idiomas enfatizan la comunicaci\u00f3n para el desarrollo acad\u00e9mico, social y profesional.<\/p>\n<p>&nbsp;<\/p>\n<\/div><div class=\"fusion-clearfix\"><\/div><\/div><\/div><div class=\"fusion-layout-column fusion_builder_column fusion-builder-column-1 fusion_builder_column_1_3 1_3 fusion-one-third fusion-column-last\" style=\"--awb-bg-size:cover;width:30.6666%;\"><div class=\"fusion-column-wrapper fusion-flex-column-wrapper-legacy\"><div class=\"fusion-widget-area awb-widget-area-element fusion-widget-area-1 fusion-content-widget-area\" style=\"--awb-title-size:20px;--awb-title-color:#2761ab;\"><div class=\"fusion-additional-widget-content\"><\/div><\/div><div class=\"fusion-clearfix\"><\/div><\/div><\/div><\/div><\/div><br \/>\n<div class=\"fusion-fullwidth fullwidth-box fusion-builder-row-2 hundred-percent-fullwidth non-hundred-percent-height-scrolling\" style=\"--awb-border-radius-top-left:0px;--awb-border-radius-top-right:0px;--awb-border-radius-bottom-right:0px;--awb-border-radius-bottom-left:0px;--awb-overflow:visible;--awb-padding-right:30px;--awb-padding-left:30px;--awb-flex-wrap:wrap;\" ><div class=\"fusion-builder-row fusion-row\"><div class=\"fusion-layout-column fusion_builder_column fusion-builder-column-2 fusion_builder_column_1_1 1_1 fusion-one-full fusion-column-first fusion-column-last fusion-column-no-min-height\" style=\"--awb-bg-size:cover;--awb-margin-bottom:0px;\"><div class=\"fusion-column-wrapper fusion-flex-column-wrapper-legacy\"><div class=\"fusion-fullwidth fullwidth-box fusion-builder-row-2-1 fusion-parallax-none nonhundred-percent-fullwidth non-hundred-percent-height-scrolling\" style=\"--awb-background-position:center bottom;--awb-border-sizes-top:0px;--awb-border-sizes-bottom:0px;--awb-border-sizes-left:0px;--awb-border-sizes-right:0px;--awb-border-radius-top-left:0px;--awb-border-radius-top-right:0px;--awb-border-radius-bottom-right:0px;--awb-border-radius-bottom-left:0px;--awb-padding-top:90px;--awb-padding-bottom:90px;--awb-background-color:#e2e2e2;--awb-background-image:url(&quot;http:\/\/southbeachlanguages.com\/wp-content\/uploads\/2012\/07\/CTA-Background.jpg&quot;);--awb-background-size:cover;--awb-flex-wrap:wrap;\" ><div class=\"fusion-builder-row fusion-row\"><div class=\"fusion-layout-column fusion_builder_column fusion-builder-column-3 fusion_builder_column_1_2 1_2 fusion-one-half fusion-column-first fusion-column-inner-bg-wrapper\" style=\"--awb-inner-bg-size:cover;width:48%; margin-right: 4%;\"><span class=\"fusion-column-inner-bg hover-type-none\"><a class=\"fusion-column-anchor\" href=\"http:\/\/southbeachlanguages.com\/contact-us\/\"><span class=\"fusion-column-inner-bg-image\"><\/span><\/a><\/span><div class=\"fusion-column-wrapper fusion-flex-column-wrapper-legacy\"><div class=\"fusion-image-element fusion-image-align-center in-legacy-container\" style=\"text-align:center;--awb-caption-title-font-family:var(--h2_typography-font-family);--awb-caption-title-font-weight:var(--h2_typography-font-weight);--awb-caption-title-font-style:var(--h2_typography-font-style);--awb-caption-title-size:var(--h2_typography-font-size);--awb-caption-title-transform:var(--h2_typography-text-transform);--awb-caption-title-line-height:var(--h2_typography-line-height);--awb-caption-title-letter-spacing:var(--h2_typography-letter-spacing);\"><div class=\"imageframe-align-center\"><span class=\" fusion-imageframe imageframe-none imageframe-1 hover-type-none\"><a class=\"fusion-no-lightbox\" href=\"#\" target=\"_self\"><img decoding=\"async\" alt=\"Contact Us\" src=\"http:\/\/southbeachlanguages.com\/wp-content\/uploads\/2012\/07\/Contact-Us-150x150.png\" class=\"img-responsive\"\/><\/a><\/span><\/div><\/div><div class=\"fusion-title title fusion-title-5 fusion-sep-none fusion-title-center fusion-title-text fusion-title-size-three\" style=\"--awb-margin-top:20px;\"><h3 class=\"fusion-title-heading title-heading-center fusion-responsive-typography-calculated\" style=\"margin:0;--fontSize:26;--minFontSize:26;line-height:1.56;\">CONTACT US<\/h3><\/div><div class=\"fusion-clearfix\"><\/div><\/div><\/div><div class=\"fusion-layout-column fusion_builder_column fusion-builder-column-4 fusion_builder_column_1_2 1_2 fusion-one-half fusion-column-last fusion-column-inner-bg-wrapper\" style=\"--awb-inner-bg-size:cover;width:48%;\"><span class=\"fusion-column-inner-bg hover-type-none\"><a class=\"fusion-column-anchor\" href=\"http:\/\/southbeachlanguages.com\/english-test\/\"><span class=\"fusion-column-inner-bg-image\"><\/span><\/a><\/span><div class=\"fusion-column-wrapper fusion-flex-column-wrapper-legacy\"><div class=\"fusion-image-element fusion-image-align-center in-legacy-container\" style=\"text-align:center;--awb-caption-title-font-family:var(--h2_typography-font-family);--awb-caption-title-font-weight:var(--h2_typography-font-weight);--awb-caption-title-font-style:var(--h2_typography-font-style);--awb-caption-title-size:var(--h2_typography-font-size);--awb-caption-title-transform:var(--h2_typography-text-transform);--awb-caption-title-line-height:var(--h2_typography-line-height);--awb-caption-title-letter-spacing:var(--h2_typography-letter-spacing);\"><div class=\"imageframe-align-center\"><span class=\" fusion-imageframe imageframe-none imageframe-2 hover-type-none\"><a class=\"fusion-no-lightbox\" href=\"#\" target=\"_self\"><img decoding=\"async\" alt=\"Take Online English Test\" src=\"http:\/\/southbeachlanguages.com\/wp-content\/uploads\/2012\/07\/English-Test-150x150.png\" class=\"img-responsive\"\/><\/a><\/span><\/div><\/div><div class=\"fusion-title title fusion-title-6 fusion-sep-none fusion-title-center fusion-title-text fusion-title-size-three\" style=\"--awb-margin-top:20px;\"><h3 class=\"fusion-title-heading title-heading-center fusion-responsive-typography-calculated\" style=\"margin:0;--fontSize:26;--minFontSize:26;line-height:1.56;\">ENGLISH TEST<\/h3><\/div><div class=\"fusion-clearfix\"><\/div><\/div><\/div><\/div><\/div>\n<div class=\"fusion-clearfix\"><\/div><\/div><\/div><\/div><\/div><\/p>\n","protected":false},"excerpt":{"rendered":"","protected":false},"author":8,"featured_media":0,"parent":0,"menu_order":0,"comment_status":"closed","ping_status":"closed","template":"100-width.php","meta":{"footnotes":""},"class_list":["post-8523","page","type-page","status-publish","hentry"],"yoast_head":"<!-- This site is optimized with the Yoast SEO plugin v27.2 - https:\/\/yoast.com\/product\/yoast-seo-wordpress\/ -->\n<title>Acerca de - South Beach Languages<\/title>\n<meta name=\"robots\" content=\"index, follow, max-snippet:-1, max-image-preview:large, max-video-preview:-1\" \/>\n<link rel=\"canonical\" href=\"https:\/\/southbeachlanguages.com\/es\/acerca-de\/\" \/>\n<meta property=\"og:locale\" content=\"es_ES\" \/>\n<meta property=\"og:type\" content=\"article\" \/>\n<meta property=\"og:title\" content=\"Acerca de - South Beach Languages\" \/>\n<meta property=\"og:url\" content=\"https:\/\/southbeachlanguages.com\/es\/acerca-de\/\" \/>\n<meta property=\"og:site_name\" content=\"South Beach Languages\" \/>\n<meta property=\"article:modified_time\" content=\"2024-11-28T18:56:53+00:00\" \/>\n<meta property=\"og:image\" content=\"http:\/\/southbeachlanguages.com\/wp-content\/uploads\/2018\/11\/greg-degnan-director-sobela.jpg\" \/>\n<meta name=\"twitter:label1\" content=\"Tiempo de lectura\" \/>\n\t<meta name=\"twitter:data1\" content=\"3 minutos\" \/>\n<script type=\"application\/ld+json\" class=\"yoast-schema-graph\">{\"@context\":\"https:\/\/schema.org\",\"@graph\":[{\"@type\":\"WebPage\",\"@id\":\"https:\/\/southbeachlanguages.com\/es\/acerca-de\/\",\"url\":\"https:\/\/southbeachlanguages.com\/es\/acerca-de\/\",\"name\":\"Acerca de - South Beach Languages\",\"isPartOf\":{\"@id\":\"https:\/\/southbeachlanguages.com\/ru\/#website\"},\"primaryImageOfPage\":{\"@id\":\"https:\/\/southbeachlanguages.com\/es\/acerca-de\/#primaryimage\"},\"image\":{\"@id\":\"https:\/\/southbeachlanguages.com\/es\/acerca-de\/#primaryimage\"},\"thumbnailUrl\":\"http:\/\/southbeachlanguages.com\/wp-content\/uploads\/2018\/11\/greg-degnan-director-sobela.jpg\",\"datePublished\":\"2016-09-06T16:28:13+00:00\",\"dateModified\":\"2024-11-28T18:56:53+00:00\",\"breadcrumb\":{\"@id\":\"https:\/\/southbeachlanguages.com\/es\/acerca-de\/#breadcrumb\"},\"inLanguage\":\"es\",\"potentialAction\":[{\"@type\":\"ReadAction\",\"target\":[\"https:\/\/southbeachlanguages.com\/es\/acerca-de\/\"]}]},{\"@type\":\"ImageObject\",\"inLanguage\":\"es\",\"@id\":\"https:\/\/southbeachlanguages.com\/es\/acerca-de\/#primaryimage\",\"url\":\"http:\/\/southbeachlanguages.com\/wp-content\/uploads\/2018\/11\/greg-degnan-director-sobela.jpg\",\"contentUrl\":\"http:\/\/southbeachlanguages.com\/wp-content\/uploads\/2018\/11\/greg-degnan-director-sobela.jpg\"},{\"@type\":\"BreadcrumbList\",\"@id\":\"https:\/\/southbeachlanguages.com\/es\/acerca-de\/#breadcrumb\",\"itemListElement\":[{\"@type\":\"ListItem\",\"position\":1,\"name\":\"Home\",\"item\":\"https:\/\/ec2-34-232-87-1.compute-1.amazonaws.com\/es\/\"},{\"@type\":\"ListItem\",\"position\":2,\"name\":\"Acerca de\"}]},{\"@type\":\"WebSite\",\"@id\":\"https:\/\/southbeachlanguages.com\/ru\/#website\",\"url\":\"https:\/\/southbeachlanguages.com\/ru\/\",\"name\":\"South Beach Languages\",\"description\":\"Language Schools in Miami and Hollywood - Learn English\",\"potentialAction\":[{\"@type\":\"SearchAction\",\"target\":{\"@type\":\"EntryPoint\",\"urlTemplate\":\"https:\/\/southbeachlanguages.com\/ru\/?s={search_term_string}\"},\"query-input\":{\"@type\":\"PropertyValueSpecification\",\"valueRequired\":true,\"valueName\":\"search_term_string\"}}],\"inLanguage\":\"es\"}]}<\/script>\n<!-- \/ Yoast SEO plugin. -->","yoast_head_json":{"title":"Acerca de - South Beach Languages","robots":{"index":"index","follow":"follow","max-snippet":"max-snippet:-1","max-image-preview":"max-image-preview:large","max-video-preview":"max-video-preview:-1"},"canonical":"https:\/\/southbeachlanguages.com\/es\/acerca-de\/","og_locale":"es_ES","og_type":"article","og_title":"Acerca de - South Beach Languages","og_url":"https:\/\/southbeachlanguages.com\/es\/acerca-de\/","og_site_name":"South Beach Languages","article_modified_time":"2024-11-28T18:56:53+00:00","og_image":[{"url":"http:\/\/southbeachlanguages.com\/wp-content\/uploads\/2018\/11\/greg-degnan-director-sobela.jpg","type":"","width":"","height":""}],"twitter_misc":{"Tiempo de lectura":"3 minutos"},"schema":{"@context":"https:\/\/schema.org","@graph":[{"@type":"WebPage","@id":"https:\/\/southbeachlanguages.com\/es\/acerca-de\/","url":"https:\/\/southbeachlanguages.com\/es\/acerca-de\/","name":"Acerca de - South Beach Languages","isPartOf":{"@id":"https:\/\/southbeachlanguages.com\/ru\/#website"},"primaryImageOfPage":{"@id":"https:\/\/southbeachlanguages.com\/es\/acerca-de\/#primaryimage"},"image":{"@id":"https:\/\/southbeachlanguages.com\/es\/acerca-de\/#primaryimage"},"thumbnailUrl":"http:\/\/southbeachlanguages.com\/wp-content\/uploads\/2018\/11\/greg-degnan-director-sobela.jpg","datePublished":"2016-09-06T16:28:13+00:00","dateModified":"2024-11-28T18:56:53+00:00","breadcrumb":{"@id":"https:\/\/southbeachlanguages.com\/es\/acerca-de\/#breadcrumb"},"inLanguage":"es","potentialAction":[{"@type":"ReadAction","target":["https:\/\/southbeachlanguages.com\/es\/acerca-de\/"]}]},{"@type":"ImageObject","inLanguage":"es","@id":"https:\/\/southbeachlanguages.com\/es\/acerca-de\/#primaryimage","url":"http:\/\/southbeachlanguages.com\/wp-content\/uploads\/2018\/11\/greg-degnan-director-sobela.jpg","contentUrl":"http:\/\/southbeachlanguages.com\/wp-content\/uploads\/2018\/11\/greg-degnan-director-sobela.jpg"},{"@type":"BreadcrumbList","@id":"https:\/\/southbeachlanguages.com\/es\/acerca-de\/#breadcrumb","itemListElement":[{"@type":"ListItem","position":1,"name":"Home","item":"https:\/\/ec2-34-232-87-1.compute-1.amazonaws.com\/es\/"},{"@type":"ListItem","position":2,"name":"Acerca de"}]},{"@type":"WebSite","@id":"https:\/\/southbeachlanguages.com\/ru\/#website","url":"https:\/\/southbeachlanguages.com\/ru\/","name":"South Beach Languages","description":"Language Schools in Miami and Hollywood - Learn English","potentialAction":[{"@type":"SearchAction","target":{"@type":"EntryPoint","urlTemplate":"https:\/\/southbeachlanguages.com\/ru\/?s={search_term_string}"},"query-input":{"@type":"PropertyValueSpecification","valueRequired":true,"valueName":"search_term_string"}}],"inLanguage":"es"}]}},"_links":{"self":[{"href":"https:\/\/southbeachlanguages.com\/es\/wp-json\/wp\/v2\/pages\/8523","targetHints":{"allow":["GET"]}}],"collection":[{"href":"https:\/\/southbeachlanguages.com\/es\/wp-json\/wp\/v2\/pages"}],"about":[{"href":"https:\/\/southbeachlanguages.com\/es\/wp-json\/wp\/v2\/types\/page"}],"author":[{"embeddable":true,"href":"https:\/\/southbeachlanguages.com\/es\/wp-json\/wp\/v2\/users\/8"}],"replies":[{"embeddable":true,"href":"https:\/\/southbeachlanguages.com\/es\/wp-json\/wp\/v2\/comments?post=8523"}],"version-history":[{"count":10,"href":"https:\/\/southbeachlanguages.com\/es\/wp-json\/wp\/v2\/pages\/8523\/revisions"}],"predecessor-version":[{"id":20037,"href":"https:\/\/southbeachlanguages.com\/es\/wp-json\/wp\/v2\/pages\/8523\/revisions\/20037"}],"wp:attachment":[{"href":"https:\/\/southbeachlanguages.com\/es\/wp-json\/wp\/v2\/media?parent=8523"}],"curies":[{"name":"wp","href":"https:\/\/api.w.org\/{rel}","templated":true}]}}