{"id":8562,"date":"2016-09-16T10:49:26","date_gmt":"2016-09-16T14:49:26","guid":{"rendered":"http:\/\/southbeachlanguages.com\/es\/apply-as-transfer\/"},"modified":"2024-08-22T15:53:32","modified_gmt":"2024-08-22T19:53:32","slug":"trasladarse-de-otra-escuela","status":"publish","type":"page","link":"https:\/\/southbeachlanguages.com\/es\/trasladarse-de-otra-escuela\/","title":{"rendered":"TRASLADARSE DE OTRA ESCUELA"},"content":{"rendered":"<p><div class=\"fusion-fullwidth fullwidth-box fusion-builder-row-1 hundred-percent-fullwidth non-hundred-percent-height-scrolling\" style=\"--awb-background-position:left top;--awb-border-sizes-top:0px;--awb-border-sizes-bottom:0px;--awb-border-sizes-left:0px;--awb-border-sizes-right:0px;--awb-border-radius-top-left:0px;--awb-border-radius-top-right:0px;--awb-border-radius-bottom-right:0px;--awb-border-radius-bottom-left:0px;--awb-padding-top:20px;--awb-padding-right:0px;--awb-padding-bottom:20px;--awb-padding-left:30px;--awb-flex-wrap:wrap;\" ><div class=\"fusion-builder-row fusion-row\"><div class=\"fusion-layout-column fusion_builder_column fusion-builder-column-0 fusion_builder_column_2_3 2_3 fusion-two-third fusion-column-first\" style=\"--awb-bg-size:cover;width:65.3333%; margin-right: 4%;\"><div class=\"fusion-column-wrapper fusion-flex-column-wrapper-legacy\"><div class=\"fusion-title title fusion-title-1 fusion-title-text fusion-title-size-two\"><h2 class=\"fusion-title-heading title-heading-left fusion-responsive-typography-calculated\" style=\"margin:0;--fontSize:36;line-height:1;\">PROCESO PARA ESTUDIANTES EN TRANSFERENCIA<\/h2><span class=\"awb-title-spacer\"><\/span><div class=\"title-sep-container\"><div class=\"title-sep sep-single sep-solid\" style=\"border-color:#e0dede;\"><\/div><\/div><\/div><div class=\"fusion-text fusion-text-1\"><p>SBL acepta estudiantes que desean transferirse de otras escuelas de Ingles dentro de los Estados Unidos, que cumplan con los requisitos necesarios para este tipo de proceso.<\/p>\n<p><span style=\"color: #0000ff;\">Especial: Estudiante en transferencia no pagan inscripci<span lang=\"es\">\u00f3n. Libros gratis. <\/span><\/span><\/p>\n<p><strong>Paso 1:<\/strong> Env\u00eda a info@southbeachlanguages.com los siguientes documentos:<\/p>\n<ul>\n<li><a href=\"https:\/\/sbl.edu\/international-student-application-form\/\">Formulario de aplicaci\u00f3n.<\/a><\/li>\n<li>Copia del pasaporte (v\u00e1lido m\u00ednimo por 6 meses)<\/li>\n<li>Copia de la Visa de Estudiante (F1)<\/li>\n<li>Copia de tu \u00faltimo I-20.<\/li>\n<li>Copia del I-94 m\u00e1s reciente.<\/li>\n<li><a href=\"https:\/\/southbeachlanguages.com\/es\/transfer-eligibility-form-2\/\">Transfer Eligibility Form<\/a> (Diligencia la parte superior y solic\u00edtale a tu actual escuela completar la parte inferior.)<\/li>\n<li>Prueba de fondos: Carta del banco o extractos bancarios demostrando solvencia econ\u00f3mica. Por cada futuro mes de estudio es necesario demostrar m\u00ednimo USD 1,200. Si los fondos provienen de un tercero (patrocinador), es necesario diligenciar el formato &#8216;<a href=\"https:\/\/southbeachlanguages.com\/es\/cambio-de-estatus\/affidavit-support-form-2\/\" rel=\"attachment wp-att-19675\">Affidavit Support Form<\/a>\u00b4, y adicionar copia de su pasaporte o de su identificaci\u00f3n con foto.<\/li>\n<\/ul>\n<p><strong>Paso 2:<\/strong>\u00a0Pago: Con descuento, paga USD 1,350 cada trimestre; o paga USD 499 el d\u00eda 5 de cada mes.<\/p>\n<p><strong>Paso 3:<\/strong> Recibe tu carta de aceptaci\u00f3n y comienzas tus clases.<br \/>\nDespu\u00e9s de recibir y aprobar todos tus documentos, SBL enviar\u00e1 la carta de aceptaci\u00f3n a tu actual escuela.<br \/>\nUna vez que tu actual escuela transfiera tu registro, puedes recibir tu I-20 y comenzar clases.<br \/>\nSer\u00e1s ubicado en el nivel correspondiente dependiendo de tu examen de nivelaci\u00f3n, el cual presentar\u00e1s antes de iniciar tus clases.<\/p>\n<\/div><div class=\"fusion-clearfix\"><\/div><\/div><\/div><\/div><\/div><div class=\"fusion-fullwidth fullwidth-box fusion-builder-row-2 hundred-percent-fullwidth non-hundred-percent-height-scrolling\" style=\"--awb-border-radius-top-left:0px;--awb-border-radius-top-right:0px;--awb-border-radius-bottom-right:0px;--awb-border-radius-bottom-left:0px;--awb-overflow:visible;--awb-padding-right:30px;--awb-padding-left:30px;--awb-flex-wrap:wrap;\" ><div class=\"fusion-builder-row fusion-row\"><div class=\"fusion-layout-column fusion_builder_column fusion-builder-column-1 fusion_builder_column_1_1 1_1 fusion-one-full fusion-column-first fusion-column-last fusion-column-no-min-height\" style=\"--awb-bg-size:cover;--awb-margin-bottom:0px;\"><div class=\"fusion-column-wrapper fusion-flex-column-wrapper-legacy\"><div class=\"fusion-text fusion-text-2\"><div class=\"fusion-fullwidth fullwidth-box fusion-builder-row-2-1 fusion-parallax-none nonhundred-percent-fullwidth non-hundred-percent-height-scrolling\" style=\"--awb-background-position:center bottom;--awb-border-sizes-top:0px;--awb-border-sizes-bottom:0px;--awb-border-sizes-left:0px;--awb-border-sizes-right:0px;--awb-border-radius-top-left:0px;--awb-border-radius-top-right:0px;--awb-border-radius-bottom-right:0px;--awb-border-radius-bottom-left:0px;--awb-padding-top:90px;--awb-padding-bottom:90px;--awb-background-color:#e2e2e2;--awb-background-image:url(&quot;http:\/\/southbeachlanguages.com\/wp-content\/uploads\/2012\/07\/CTA-Background.jpg&quot;);--awb-background-size:cover;--awb-flex-wrap:wrap;\" ><div class=\"fusion-builder-row fusion-row\"><div class=\"fusion-layout-column fusion_builder_column fusion-builder-column-2 fusion_builder_column_1_2 1_2 fusion-one-half fusion-column-first fusion-column-inner-bg-wrapper\" style=\"--awb-inner-bg-size:cover;width:48%; margin-right: 4%;\"><span class=\"fusion-column-inner-bg hover-type-none\"><a class=\"fusion-column-anchor\" href=\"http:\/\/southbeachlanguages.com\/contact-us\/\"><span class=\"fusion-column-inner-bg-image\"><\/span><\/a><\/span><div class=\"fusion-column-wrapper fusion-flex-column-wrapper-legacy\"><div class=\"fusion-image-element fusion-image-align-center in-legacy-container\" style=\"text-align:center;--awb-caption-title-font-family:var(--h2_typography-font-family);--awb-caption-title-font-weight:var(--h2_typography-font-weight);--awb-caption-title-font-style:var(--h2_typography-font-style);--awb-caption-title-size:var(--h2_typography-font-size);--awb-caption-title-transform:var(--h2_typography-text-transform);--awb-caption-title-line-height:var(--h2_typography-line-height);--awb-caption-title-letter-spacing:var(--h2_typography-letter-spacing);\"><div class=\"imageframe-align-center\"><span class=\" fusion-imageframe imageframe-none imageframe-1 hover-type-none\"><a class=\"fusion-no-lightbox\" href=\"#\" target=\"_self\"><img decoding=\"async\" alt=\"Contact Us\" src=\"http:\/\/southbeachlanguages.com\/wp-content\/uploads\/2012\/07\/Contact-Us-150x150.png\" class=\"img-responsive\"\/><\/a><\/span><\/div><\/div><div class=\"fusion-title title fusion-title-2 fusion-sep-none fusion-title-center fusion-title-text fusion-title-size-three\" style=\"--awb-margin-top:20px;\"><h3 class=\"fusion-title-heading title-heading-center fusion-responsive-typography-calculated\" style=\"margin:0;--fontSize:26;--minFontSize:26;line-height:1.56;\">CONTACT US<\/h3><\/div><div class=\"fusion-clearfix\"><\/div><\/div><\/div><div class=\"fusion-layout-column fusion_builder_column fusion-builder-column-3 fusion_builder_column_1_2 1_2 fusion-one-half fusion-column-last fusion-column-inner-bg-wrapper\" style=\"--awb-inner-bg-size:cover;width:48%;\"><span class=\"fusion-column-inner-bg hover-type-none\"><a class=\"fusion-column-anchor\" href=\"http:\/\/southbeachlanguages.com\/english-test\/\"><span class=\"fusion-column-inner-bg-image\"><\/span><\/a><\/span><div class=\"fusion-column-wrapper fusion-flex-column-wrapper-legacy\"><div class=\"fusion-image-element fusion-image-align-center in-legacy-container\" style=\"text-align:center;--awb-caption-title-font-family:var(--h2_typography-font-family);--awb-caption-title-font-weight:var(--h2_typography-font-weight);--awb-caption-title-font-style:var(--h2_typography-font-style);--awb-caption-title-size:var(--h2_typography-font-size);--awb-caption-title-transform:var(--h2_typography-text-transform);--awb-caption-title-line-height:var(--h2_typography-line-height);--awb-caption-title-letter-spacing:var(--h2_typography-letter-spacing);\"><div class=\"imageframe-align-center\"><span class=\" fusion-imageframe imageframe-none imageframe-2 hover-type-none\"><a class=\"fusion-no-lightbox\" href=\"#\" target=\"_self\"><img decoding=\"async\" alt=\"Take Online English Test\" src=\"http:\/\/southbeachlanguages.com\/wp-content\/uploads\/2012\/07\/English-Test-150x150.png\" class=\"img-responsive\"\/><\/a><\/span><\/div><\/div><div class=\"fusion-title title fusion-title-3 fusion-sep-none fusion-title-center fusion-title-text fusion-title-size-three\" style=\"--awb-margin-top:20px;\"><h3 class=\"fusion-title-heading title-heading-center fusion-responsive-typography-calculated\" style=\"margin:0;--fontSize:26;--minFontSize:26;line-height:1.56;\">ENGLISH TEST<\/h3><\/div><div class=\"fusion-clearfix\"><\/div><\/div><\/div><\/div><\/div>\n\n<\/div><div class=\"fusion-clearfix\"><\/div><\/div><\/div><\/div><\/div><\/p>\n","protected":false},"excerpt":{"rendered":"","protected":false},"author":8,"featured_media":0,"parent":0,"menu_order":2,"comment_status":"closed","ping_status":"closed","template":"100-width.php","meta":{"footnotes":""},"class_list":["post-8562","page","type-page","status-publish","hentry"],"yoast_head":"<!-- This site is optimized with the Yoast SEO plugin v27.2 - https:\/\/yoast.com\/product\/yoast-seo-wordpress\/ -->\n<title>TRASLADARSE DE OTRA ESCUELA - South Beach Languages<\/title>\n<meta name=\"robots\" content=\"index, follow, max-snippet:-1, max-image-preview:large, max-video-preview:-1\" \/>\n<link rel=\"canonical\" href=\"https:\/\/sbl.edu\/es\/trasladarse-de-otra-escuela\/\" \/>\n<meta property=\"og:locale\" content=\"es_ES\" \/>\n<meta property=\"og:type\" content=\"article\" \/>\n<meta property=\"og:title\" content=\"TRASLADARSE DE OTRA ESCUELA - South Beach Languages\" \/>\n<meta property=\"og:url\" content=\"https:\/\/sbl.edu\/es\/trasladarse-de-otra-escuela\/\" \/>\n<meta property=\"og:site_name\" content=\"South Beach Languages\" \/>\n<meta property=\"article:modified_time\" content=\"2024-08-22T19:53:32+00:00\" \/>\n<script type=\"application\/ld+json\" class=\"yoast-schema-graph\">{\"@context\":\"https:\/\/schema.org\",\"@graph\":[{\"@type\":\"WebPage\",\"@id\":\"https:\/\/sbl.edu\/es\/trasladarse-de-otra-escuela\/\",\"url\":\"https:\/\/sbl.edu\/es\/trasladarse-de-otra-escuela\/\",\"name\":\"TRASLADARSE DE OTRA ESCUELA - South Beach Languages\",\"isPartOf\":{\"@id\":\"https:\/\/southbeachlanguages.com\/#website\"},\"datePublished\":\"2016-09-16T14:49:26+00:00\",\"dateModified\":\"2024-08-22T19:53:32+00:00\",\"breadcrumb\":{\"@id\":\"https:\/\/sbl.edu\/es\/trasladarse-de-otra-escuela\/#breadcrumb\"},\"inLanguage\":\"es\",\"potentialAction\":[{\"@type\":\"ReadAction\",\"target\":[\"https:\/\/sbl.edu\/es\/trasladarse-de-otra-escuela\/\"]}]},{\"@type\":\"BreadcrumbList\",\"@id\":\"https:\/\/sbl.edu\/es\/trasladarse-de-otra-escuela\/#breadcrumb\",\"itemListElement\":[{\"@type\":\"ListItem\",\"position\":1,\"name\":\"Home\",\"item\":\"https:\/\/southbeachlanguages.com\/es\/\"},{\"@type\":\"ListItem\",\"position\":2,\"name\":\"TRASLADARSE DE OTRA ESCUELA\"}]},{\"@type\":\"WebSite\",\"@id\":\"https:\/\/southbeachlanguages.com\/#website\",\"url\":\"https:\/\/southbeachlanguages.com\/\",\"name\":\"South Beach Languages\",\"description\":\"Language Schools in Miami and Hollywood - Learn English\",\"potentialAction\":[{\"@type\":\"SearchAction\",\"target\":{\"@type\":\"EntryPoint\",\"urlTemplate\":\"https:\/\/southbeachlanguages.com\/?s={search_term_string}\"},\"query-input\":{\"@type\":\"PropertyValueSpecification\",\"valueRequired\":true,\"valueName\":\"search_term_string\"}}],\"inLanguage\":\"es\"}]}<\/script>\n<!-- \/ Yoast SEO plugin. -->","yoast_head_json":{"title":"TRASLADARSE DE OTRA ESCUELA - South Beach Languages","robots":{"index":"index","follow":"follow","max-snippet":"max-snippet:-1","max-image-preview":"max-image-preview:large","max-video-preview":"max-video-preview:-1"},"canonical":"https:\/\/sbl.edu\/es\/trasladarse-de-otra-escuela\/","og_locale":"es_ES","og_type":"article","og_title":"TRASLADARSE DE OTRA ESCUELA - South Beach Languages","og_url":"https:\/\/sbl.edu\/es\/trasladarse-de-otra-escuela\/","og_site_name":"South Beach Languages","article_modified_time":"2024-08-22T19:53:32+00:00","schema":{"@context":"https:\/\/schema.org","@graph":[{"@type":"WebPage","@id":"https:\/\/sbl.edu\/es\/trasladarse-de-otra-escuela\/","url":"https:\/\/sbl.edu\/es\/trasladarse-de-otra-escuela\/","name":"TRASLADARSE DE OTRA ESCUELA - South Beach Languages","isPartOf":{"@id":"https:\/\/southbeachlanguages.com\/#website"},"datePublished":"2016-09-16T14:49:26+00:00","dateModified":"2024-08-22T19:53:32+00:00","breadcrumb":{"@id":"https:\/\/sbl.edu\/es\/trasladarse-de-otra-escuela\/#breadcrumb"},"inLanguage":"es","potentialAction":[{"@type":"ReadAction","target":["https:\/\/sbl.edu\/es\/trasladarse-de-otra-escuela\/"]}]},{"@type":"BreadcrumbList","@id":"https:\/\/sbl.edu\/es\/trasladarse-de-otra-escuela\/#breadcrumb","itemListElement":[{"@type":"ListItem","position":1,"name":"Home","item":"https:\/\/southbeachlanguages.com\/es\/"},{"@type":"ListItem","position":2,"name":"TRASLADARSE DE OTRA ESCUELA"}]},{"@type":"WebSite","@id":"https:\/\/southbeachlanguages.com\/#website","url":"https:\/\/southbeachlanguages.com\/","name":"South Beach Languages","description":"Language Schools in Miami and Hollywood - Learn English","potentialAction":[{"@type":"SearchAction","target":{"@type":"EntryPoint","urlTemplate":"https:\/\/southbeachlanguages.com\/?s={search_term_string}"},"query-input":{"@type":"PropertyValueSpecification","valueRequired":true,"valueName":"search_term_string"}}],"inLanguage":"es"}]}},"_links":{"self":[{"href":"https:\/\/southbeachlanguages.com\/es\/wp-json\/wp\/v2\/pages\/8562","targetHints":{"allow":["GET"]}}],"collection":[{"href":"https:\/\/southbeachlanguages.com\/es\/wp-json\/wp\/v2\/pages"}],"about":[{"href":"https:\/\/southbeachlanguages.com\/es\/wp-json\/wp\/v2\/types\/page"}],"author":[{"embeddable":true,"href":"https:\/\/southbeachlanguages.com\/es\/wp-json\/wp\/v2\/users\/8"}],"replies":[{"embeddable":true,"href":"https:\/\/southbeachlanguages.com\/es\/wp-json\/wp\/v2\/comments?post=8562"}],"version-history":[{"count":5,"href":"https:\/\/southbeachlanguages.com\/es\/wp-json\/wp\/v2\/pages\/8562\/revisions"}],"predecessor-version":[{"id":19957,"href":"https:\/\/southbeachlanguages.com\/es\/wp-json\/wp\/v2\/pages\/8562\/revisions\/19957"}],"wp:attachment":[{"href":"https:\/\/southbeachlanguages.com\/es\/wp-json\/wp\/v2\/media?parent=8562"}],"curies":[{"name":"wp","href":"https:\/\/api.w.org\/{rel}","templated":true}]}}