{"id":8642,"date":"2016-09-13T14:14:20","date_gmt":"2016-09-13T18:14:20","guid":{"rendered":"http:\/\/southbeachlanguages.com\/es\/hollywood\/"},"modified":"2024-12-04T12:10:37","modified_gmt":"2024-12-04T17:10:37","slug":"hollywood","status":"publish","type":"page","link":"https:\/\/southbeachlanguages.com\/es\/hollywood\/","title":{"rendered":"Hollywood"},"content":{"rendered":"<p><div class=\"fusion-fullwidth fullwidth-box fusion-builder-row-1 hundred-percent-fullwidth non-hundred-percent-height-scrolling fusion-equal-height-columns\" style=\"--awb-background-position:left top;--awb-border-sizes-top:0px;--awb-border-sizes-bottom:0px;--awb-border-sizes-left:0px;--awb-border-sizes-right:0px;--awb-border-radius-top-left:0px;--awb-border-radius-top-right:0px;--awb-border-radius-bottom-right:0px;--awb-border-radius-bottom-left:0px;--awb-padding-top:20px;--awb-padding-right:0px;--awb-padding-bottom:20px;--awb-padding-left:30px;--awb-flex-wrap:wrap;\" ><div class=\"fusion-builder-row fusion-row\"><div class=\"fusion-layout-column fusion_builder_column fusion-builder-column-0 fusion_builder_column_1_3 1_3 fusion-one-third fusion-column-first\" style=\"--awb-bg-size:cover;width:30.6666%; margin-right: 4%;\" id=\"school_facility\"><div class=\"fusion-column-wrapper fusion-flex-column-wrapper-legacy\"><div class=\"fusion-title title fusion-title-1 fusion-title-text fusion-title-size-two\"><h2 class=\"fusion-title-heading title-heading-left fusion-responsive-typography-calculated\" style=\"margin:0;--fontSize:36;line-height:1;\">Instalaciones<\/h2><span class=\"awb-title-spacer\"><\/span><div class=\"title-sep-container\"><div class=\"title-sep sep-single sep-solid\" style=\"border-color:#e0dede;\"><\/div><\/div><\/div><div class=\"fusion-text fusion-text-1\"><p><b>HOLLYWOOD, FLORIDA<br \/>\n<\/b>Nuestra escuela de Hollywood est\u00e1 en la One Oakwood Blvd, #150, Hollywood, FL 33020, al Este de la carretera principal\u00a0 I-95 y la Sheridan Street.<\/p>\n<p>Estamos rodeados por\u00a0 zonas de comercio, como la Oakwood Plaza y el nuevo Dania Point, que ofrecen tiendas de ropa, de tecnolog\u00eda, supermercados, gimnasios, hoteles, teatros de cine, restaurantes, entre otros lugares para el entretenimiento.<\/p>\n<p>Nuestra escuela est\u00e1 convenientemente ubicada a menos de 2 millas de la famosa playa de Hollywood entre Fort Lauderdale y Miami. Adem\u00e1s, estamos a una corta distancia, en auto, de North Miami, Aventura, Sunny Isles, Hallandale, Dania Beach, Pembroke Pines, Davie, Cooper City, Weston, Miami Springs, Hialeah, Sunrise y Ft. Lauderdale.<\/p>\n<p>La escuela incluye aulas modernas con aire acondicionado y un sal\u00f3n social con juegos y refrigerios. Tenemos actividades estacionales para nuestros estudiantes. El edificio cuenta con seguridad presencial y ofrece estacionamiento gratuito.<\/p>\n<p>Ofrecemos convenientes opciones de clases de ingl\u00e9s por la ma\u00f1ana y por la noche.<\/p>\n<p><strong>Clases<\/strong><br \/>\nAntes de iniciar clases, presentas un examen de nivelaci\u00f3n para determinar tu nivel de ingl\u00e9s. Este incluye gram\u00e1tica, vocabulario, escritura y conversaci\u00f3n; y toma aproximadamente 30 minutos.<\/p>\n<p>Ofrecemos 12 niveles de ingl\u00e9s:<\/p>\n<ul>\n<li>Nivel 1 \u2013 Principiante. No se requiere ingl\u00e9s previo.<\/li>\n<li>Nivel 2 \u2013 Principiante.<\/li>\n<li>Nivel 3 \u2013 Principiante alto.<\/li>\n<li>Nivel 4 \u2013 Intermedio bajo.<\/li>\n<li>Nivel 5 \u2013 Intermedio bajo<\/li>\n<li>Nivel 6 \u2013 Intermedio.<\/li>\n<li>Nivel 7 \u2013 Intermedio.<\/li>\n<li>Nivel 8 \u2013 Intermedio alto.<\/li>\n<li>Nivel 9 \u2013 Intermedio alto.<\/li>\n<li>Nivel 10 \u2013 Avanzado.<\/li>\n<li>Nivel 11 \u2013 Avanzado.<\/li>\n<li>Nivel 12 \u2013 Avanzado.<\/li>\n<\/ul>\n<p><b>Opciones en Hollywood<\/b><\/p>\n<ul>\n<li>3 dias en la ma\u00f1ana son de 8:30 a.m. a 2:30 p.m.<\/li>\n<li>4 dias en la noche son de 5:30 p.m. a 10 p.m.<\/li>\n<\/ul>\n<p>Los estudiantes pueden realizar la prueba de nivel y comenzar cualquier lunes, excluyendo el \u00faltimo mes del semestre y las semanas de vacaciones.<\/p>\n<p><b>Estilo de vida en <\/b><b>Hollywood<br \/>\n<\/b>Hollywood es similar a Miami, en t\u00e9rminos del estilo de vida. Sin embargo, es un \u00e1rea m\u00e1s tranquila.\u00a0 Al igual que las ciudades vecinas, como Miami o Ft. Lauderdale, Hollywood tiene playas soleadas, restaurantes, hoteles, tiendas y actividades. El <i>Hollywood <\/i><i>Broadwalk<\/i> (no \u2018<i>Boardwalk<\/i>\u2019) es famoso por su atractivo malec\u00f3n de m\u00e1s de 2 millas en la playa.<\/p>\n<p><b>Clima<\/b><b> en Hollywood<br \/>\n<\/b>Hollywood disfruta de un clima c\u00e1lido durante todo el a\u00f1o, con algunos meses frescos durante la \u00abtemporada alta\u00bb, entre diciembre y marzo. Los veranos, entre junio y agosto, son los meses m\u00e1s c\u00e1lidos. Trae ropa informal.<\/p>\n<p><b>Comida y restaurantes en Hollywood<br \/>\n<\/b>Hollywood tiene restaurantes para todos los presupuestos y estilos. En Oakwood Plaza, muy cerca de la escuela, encuentras:<\/p>\n<ul>\n<li>Dave y Busters<\/li>\n<li>Subway<\/li>\n<li>Ale House<\/li>\n<li>Red Lobster<\/li>\n<li>TGI Fridays<\/li>\n<li>McDonald&#8217;s<\/li>\n<li>Taco Bell}<\/li>\n<li>Y muchos m\u00e1s\u2026<\/li>\n<\/ul>\n<p><b>Compras en Hollywood<br \/>\n<\/b>Nuestra escuela de ingl\u00e9s en Hollywood est\u00e1 literalmente dentro de una plaza comercial donde encuentras K-Mart, Ross, Marshalls, Home Goods, Old Navy, Dave &amp; Busters, Cinema, Home Depot, Office Max y muchos m\u00e1s. Al norte, hay un nuevo destino para hacer compras y disfrutar de restaurantes y actividades. Se trata de Dania Point, el cual fue inaugurado en 2019.<\/p>\n<p>Cerca de Hollywood, hay grandes centros comerciales, como Aventura Mall (norte de Miami), Dolphin Mall (oeste de Miami), Galleria (Ft. Lauderdale) y Sawgrass. Mills Mall (Sunrise).<\/p>\n<p><b>Transporte en Hollywood<br \/>\n<\/b>La mayor\u00eda de los estudiantes vive en apartamentos o casas cercanas a nuestra escuela de idiomas. Ellos utilizan diferentes formas de transporte, dependiendo de su procedencia.<\/p>\n<p>La mayor\u00eda de los estudiantes conduce y estaciona gratis frente a la escuela. Otros estudiantes toman Uber o comparten viaje con compa\u00f1eros.<\/p>\n<p>Nuestra escuela de idiomas de Hollywood se encuentra en una zona donde hay acceso a autobuses. Enfrente de la escuela tenemos una parada de autob\u00fas.<\/p>\n<\/div><div class=\"fusion-sep-clear\"><\/div><div class=\"fusion-separator fusion-full-width-sep\" style=\"margin-left: auto;margin-right: auto;margin-top:50px;width:100%;\"><\/div><div class=\"fusion-sep-clear\"><\/div><div class=\"fusion-title title fusion-title-2 fusion-title-text fusion-title-size-two\"><h2 class=\"fusion-title-heading title-heading-left fusion-responsive-typography-calculated\" style=\"margin:0;--fontSize:36;line-height:1;\">Location<\/h2><span class=\"awb-title-spacer\"><\/span><div class=\"title-sep-container\"><div class=\"title-sep sep-single sep-solid\" style=\"border-color:#e0dede;\"><\/div><\/div><\/div><p>One Oakwood Blvd. #150<br>\r\nHollywood, FL 33020\r\n<\/p>\r\n<p><a href=\"https:\/\/www.google.com\/maps\/dir\/\/South+Beach+Languages+-+Hollywood,+One+Oakwood+Blvd+%23150,+Hollywood,+FL+33020\/@26.037995,-80.3014909,11z\/data=!4m9!4m8!1m0!1m5!1m1!1s0x88d901b7a282a10f:0xa51030ae4dcb0b5e!2m2!1d-80.1615523!2d26.0379953!3e0?hl=en\" onclick=\"_gaq.push(['_trackEvent', 'outbound-widget', 'https:\/\/www.google.com\/maps\/dir\/\/South+Beach+Languages+-+Hollywood,+One+Oakwood+Blvd+%23150,+Hollywood,+FL+33020\/@26.037995,-80.3014909,11z\/data=!4m9!4m8!1m0!1m5!1m1!1s0x88d901b7a282a10f:0xa51030ae4dcb0b5e!2m2!1d-80.1615523!2d26.0379953!3e0?hl=en, 'Get Directions >']);\" target=\"_blank\" rel=\"nofollow\">Get Directions ><\/a><\/p>\r\n<p><strong>Phone:<\/strong> <a href=\"tel:9546134916\">(954) 613-4916<\/a><\/p>\r\n\r\n<strong><img decoding=\"async\" src=\"https:\/\/southbeachlanguages.com\/wp-content\/uploads\/2016\/10\/whatsapp-icon.png\" border=\"0\" \/> Whatsapp<\/strong>\r\n\r\n<a href=\"tel:+13058154271\">+1 305-815-4271<\/a>\r\n<br \/>\r\n<strong>Email:<\/strong> <a href=\"mailto:info@southbeachlanguages.com\">info@southbeachlanguages.com<\/a><div class=\"fusion-clearfix\"><\/div><\/div><\/div><div class=\"fusion-layout-column fusion_builder_column fusion-builder-column-1 fusion_builder_column_2_3 2_3 fusion-two-third fusion-column-last\" style=\"--awb-bg-size:cover;width:65.3333%;\"><div class=\"fusion-column-wrapper fusion-flex-column-wrapper-legacy\"><div class=\"fusion-text fusion-text-2\"><div id=\"jig1\" class=\"justified-image-grid jig-b190edce72d88d2070f5b182542c7906 jig-preset-3 jig-source-wp-gallery\"><div class=\"jig-clearfix\"><\/div><noscript id=\"jig1-html\" class=\"justified-image-grid-html\" data-lazy-src=\"skiplazyload\" data-src=\"skipunveillazyload\"><ul><li><a href=\"https:\/\/southbeachlanguages.com\/wp-content\/uploads\/2016\/10\/hollywood-beach-location.jpg\"><img decoding=\"async\" src=\"https:\/\/southbeachlanguages.com\/wp-content\/uploads\/2016\/10\/hollywood-beach-location.jpg\" alt=\"hollywood-beach-location\" width=\"600\" height=\"310\" \/><\/a><p class=\"jig-HTMLdescription\">hollywood-beach-location<\/p><\/li><li><a href=\"https:\/\/southbeachlanguages.com\/wp-content\/uploads\/2016\/09\/hollywood-front.jpg\"><img decoding=\"async\" src=\"https:\/\/southbeachlanguages.com\/wp-content\/uploads\/2016\/09\/hollywood-front.jpg\" alt=\"hollywood-front\" width=\"600\" height=\"310\" \/><\/a><p class=\"jig-HTMLdescription\">hollywood-front<\/p><\/li><li><a href=\"https:\/\/southbeachlanguages.com\/wp-content\/uploads\/2015\/04\/61.jpg\" title=\"61\"><img decoding=\"async\" src=\"https:\/\/southbeachlanguages.com\/wp-content\/uploads\/2015\/04\/61.jpg\" alt=\"6\" width=\"600\" height=\"310\" \/><\/a><p class=\"jig-HTMLdescription\">6<br\/>61<\/p><\/li><li><a href=\"https:\/\/southbeachlanguages.com\/wp-content\/uploads\/2015\/04\/31.jpg\" title=\"31\"><img decoding=\"async\" src=\"https:\/\/southbeachlanguages.com\/wp-content\/uploads\/2015\/04\/31.jpg\" alt=\"3\" width=\"600\" height=\"310\" \/><\/a><p class=\"jig-HTMLdescription\">3<br\/>31<\/p><\/li><li><a href=\"https:\/\/southbeachlanguages.com\/wp-content\/uploads\/2016\/10\/hollywood-students.jpg\"><img decoding=\"async\" src=\"https:\/\/southbeachlanguages.com\/wp-content\/uploads\/2016\/10\/hollywood-students.jpg\" alt=\"hollywood-students\" width=\"600\" height=\"310\" \/><\/a><p class=\"jig-HTMLdescription\">hollywood-students<\/p><\/li><li><a href=\"https:\/\/southbeachlanguages.com\/wp-content\/uploads\/2015\/04\/41.jpg\" title=\"41\"><img decoding=\"async\" src=\"https:\/\/southbeachlanguages.com\/wp-content\/uploads\/2015\/04\/41.jpg\" alt=\"4\" width=\"600\" height=\"310\" \/><\/a><p class=\"jig-HTMLdescription\">4<br\/>41<\/p><\/li><\/ul><\/noscript><\/div>\n<\/div><div class=\"fusion-image-element in-legacy-container\" style=\"--awb-caption-title-font-family:var(--h2_typography-font-family);--awb-caption-title-font-weight:var(--h2_typography-font-weight);--awb-caption-title-font-style:var(--h2_typography-font-style);--awb-caption-title-size:var(--h2_typography-font-size);--awb-caption-title-transform:var(--h2_typography-text-transform);--awb-caption-title-line-height:var(--h2_typography-line-height);--awb-caption-title-letter-spacing:var(--h2_typography-letter-spacing);\"><span class=\" fusion-imageframe imageframe-none imageframe-1 hover-type-none\"><img decoding=\"async\" src=\"http:\/\/southbeachlanguages.com\/wp-content\/uploads\/2016\/09\/hollywood-front-l.jpg\" alt class=\"img-responsive\"\/><\/span><\/div><div class=\"fusion-clearfix\"><\/div><\/div><\/div><\/div><\/div><div class=\"fusion-fullwidth fullwidth-box fusion-builder-row-2 hundred-percent-fullwidth non-hundred-percent-height-scrolling\" style=\"--awb-border-radius-top-left:0px;--awb-border-radius-top-right:0px;--awb-border-radius-bottom-right:0px;--awb-border-radius-bottom-left:0px;--awb-overflow:visible;--awb-padding-right:30px;--awb-padding-left:30px;--awb-flex-wrap:wrap;\" ><div class=\"fusion-builder-row fusion-row\"><div class=\"fusion-layout-column fusion_builder_column fusion-builder-column-2 fusion_builder_column_1_1 1_1 fusion-one-full fusion-column-first fusion-column-last fusion-column-no-min-height\" style=\"--awb-bg-size:cover;--awb-margin-bottom:0px;\"><div class=\"fusion-column-wrapper fusion-flex-column-wrapper-legacy\"><div class=\"fusion-text fusion-text-3\"><div class=\"fusion-fullwidth fullwidth-box fusion-builder-row-2-1 fusion-parallax-none nonhundred-percent-fullwidth non-hundred-percent-height-scrolling\" style=\"--awb-background-position:center bottom;--awb-border-sizes-top:0px;--awb-border-sizes-bottom:0px;--awb-border-sizes-left:0px;--awb-border-sizes-right:0px;--awb-border-radius-top-left:0px;--awb-border-radius-top-right:0px;--awb-border-radius-bottom-right:0px;--awb-border-radius-bottom-left:0px;--awb-padding-top:90px;--awb-padding-bottom:90px;--awb-background-color:#e2e2e2;--awb-background-image:url(&quot;http:\/\/southbeachlanguages.com\/wp-content\/uploads\/2012\/07\/CTA-Background.jpg&quot;);--awb-background-size:cover;--awb-flex-wrap:wrap;\" ><div class=\"fusion-builder-row fusion-row\"><div class=\"fusion-layout-column fusion_builder_column fusion-builder-column-3 fusion_builder_column_1_2 1_2 fusion-one-half fusion-column-first fusion-column-inner-bg-wrapper\" style=\"--awb-inner-bg-size:cover;width:48%; margin-right: 4%;\"><span class=\"fusion-column-inner-bg hover-type-none\"><a class=\"fusion-column-anchor\" href=\"http:\/\/southbeachlanguages.com\/contact-us\/\"><span class=\"fusion-column-inner-bg-image\"><\/span><\/a><\/span><div class=\"fusion-column-wrapper fusion-flex-column-wrapper-legacy\"><div class=\"fusion-image-element fusion-image-align-center in-legacy-container\" style=\"text-align:center;--awb-caption-title-font-family:var(--h2_typography-font-family);--awb-caption-title-font-weight:var(--h2_typography-font-weight);--awb-caption-title-font-style:var(--h2_typography-font-style);--awb-caption-title-size:var(--h2_typography-font-size);--awb-caption-title-transform:var(--h2_typography-text-transform);--awb-caption-title-line-height:var(--h2_typography-line-height);--awb-caption-title-letter-spacing:var(--h2_typography-letter-spacing);\"><div class=\"imageframe-align-center\"><span class=\" fusion-imageframe imageframe-none imageframe-2 hover-type-none\"><a class=\"fusion-no-lightbox\" href=\"#\" target=\"_self\"><img decoding=\"async\" alt=\"Contact Us\" src=\"http:\/\/southbeachlanguages.com\/wp-content\/uploads\/2012\/07\/Contact-Us-150x150.png\" class=\"img-responsive\"\/><\/a><\/span><\/div><\/div><div class=\"fusion-title title fusion-title-3 fusion-sep-none fusion-title-center fusion-title-text fusion-title-size-three\" style=\"--awb-margin-top:20px;\"><h3 class=\"fusion-title-heading title-heading-center fusion-responsive-typography-calculated\" style=\"margin:0;--fontSize:26;--minFontSize:26;line-height:1.56;\">CONTACT US<\/h3><\/div><div class=\"fusion-clearfix\"><\/div><\/div><\/div><div class=\"fusion-layout-column fusion_builder_column fusion-builder-column-4 fusion_builder_column_1_2 1_2 fusion-one-half fusion-column-last fusion-column-inner-bg-wrapper\" style=\"--awb-inner-bg-size:cover;width:48%;\"><span class=\"fusion-column-inner-bg hover-type-none\"><a class=\"fusion-column-anchor\" href=\"http:\/\/southbeachlanguages.com\/english-test\/\"><span class=\"fusion-column-inner-bg-image\"><\/span><\/a><\/span><div class=\"fusion-column-wrapper fusion-flex-column-wrapper-legacy\"><div class=\"fusion-image-element fusion-image-align-center in-legacy-container\" style=\"text-align:center;--awb-caption-title-font-family:var(--h2_typography-font-family);--awb-caption-title-font-weight:var(--h2_typography-font-weight);--awb-caption-title-font-style:var(--h2_typography-font-style);--awb-caption-title-size:var(--h2_typography-font-size);--awb-caption-title-transform:var(--h2_typography-text-transform);--awb-caption-title-line-height:var(--h2_typography-line-height);--awb-caption-title-letter-spacing:var(--h2_typography-letter-spacing);\"><div class=\"imageframe-align-center\"><span class=\" fusion-imageframe imageframe-none imageframe-3 hover-type-none\"><a class=\"fusion-no-lightbox\" href=\"#\" target=\"_self\"><img decoding=\"async\" alt=\"Take Online English Test\" src=\"http:\/\/southbeachlanguages.com\/wp-content\/uploads\/2012\/07\/English-Test-150x150.png\" class=\"img-responsive\"\/><\/a><\/span><\/div><\/div><div class=\"fusion-title title fusion-title-4 fusion-sep-none fusion-title-center fusion-title-text fusion-title-size-three\" style=\"--awb-margin-top:20px;\"><h3 class=\"fusion-title-heading title-heading-center fusion-responsive-typography-calculated\" style=\"margin:0;--fontSize:26;--minFontSize:26;line-height:1.56;\">ENGLISH TEST<\/h3><\/div><div class=\"fusion-clearfix\"><\/div><\/div><\/div><\/div><\/div>\n\n<\/div><div class=\"fusion-clearfix\"><\/div><\/div><\/div><\/div><\/div><\/p>\n","protected":false},"excerpt":{"rendered":"","protected":false},"author":8,"featured_media":0,"parent":0,"menu_order":0,"comment_status":"closed","ping_status":"closed","template":"100-width.php","meta":{"footnotes":""},"class_list":["post-8642","page","type-page","status-publish","hentry"],"yoast_head":"<!-- This site is optimized with the Yoast SEO plugin v27.2 - https:\/\/yoast.com\/product\/yoast-seo-wordpress\/ -->\n<title>Hollywood - South Beach Languages<\/title>\n<meta name=\"robots\" content=\"index, follow, max-snippet:-1, max-image-preview:large, max-video-preview:-1\" \/>\n<link rel=\"canonical\" href=\"https:\/\/ec2-34-232-87-1.compute-1.amazonaws.com\/es\/hollywood\/\" \/>\n<meta property=\"og:locale\" content=\"es_ES\" \/>\n<meta property=\"og:type\" content=\"article\" \/>\n<meta property=\"og:title\" content=\"Hollywood - South Beach Languages\" \/>\n<meta property=\"og:url\" content=\"https:\/\/ec2-34-232-87-1.compute-1.amazonaws.com\/es\/hollywood\/\" \/>\n<meta property=\"og:site_name\" content=\"South Beach Languages\" \/>\n<meta property=\"article:modified_time\" content=\"2024-12-04T17:10:37+00:00\" \/>\n<meta property=\"og:image\" content=\"http:\/\/southbeachlanguages.com\/wp-content\/uploads\/2016\/09\/hollywood-front-l.jpg\" \/>\n<meta name=\"twitter:label1\" content=\"Tiempo de lectura\" \/>\n\t<meta name=\"twitter:data1\" content=\"4 minutos\" \/>\n<script type=\"application\/ld+json\" class=\"yoast-schema-graph\">{\"@context\":\"https:\/\/schema.org\",\"@graph\":[{\"@type\":\"WebPage\",\"@id\":\"https:\/\/ec2-34-232-87-1.compute-1.amazonaws.com\/es\/hollywood\/\",\"url\":\"https:\/\/ec2-34-232-87-1.compute-1.amazonaws.com\/es\/hollywood\/\",\"name\":\"Hollywood - South Beach Languages\",\"isPartOf\":{\"@id\":\"https:\/\/southbeachlanguages.com\/ru\/#website\"},\"primaryImageOfPage\":{\"@id\":\"https:\/\/ec2-34-232-87-1.compute-1.amazonaws.com\/es\/hollywood\/#primaryimage\"},\"image\":{\"@id\":\"https:\/\/ec2-34-232-87-1.compute-1.amazonaws.com\/es\/hollywood\/#primaryimage\"},\"thumbnailUrl\":\"http:\/\/southbeachlanguages.com\/wp-content\/uploads\/2016\/09\/hollywood-front-l.jpg\",\"datePublished\":\"2016-09-13T18:14:20+00:00\",\"dateModified\":\"2024-12-04T17:10:37+00:00\",\"breadcrumb\":{\"@id\":\"https:\/\/ec2-34-232-87-1.compute-1.amazonaws.com\/es\/hollywood\/#breadcrumb\"},\"inLanguage\":\"es\",\"potentialAction\":[{\"@type\":\"ReadAction\",\"target\":[\"https:\/\/ec2-34-232-87-1.compute-1.amazonaws.com\/es\/hollywood\/\"]}]},{\"@type\":\"ImageObject\",\"inLanguage\":\"es\",\"@id\":\"https:\/\/ec2-34-232-87-1.compute-1.amazonaws.com\/es\/hollywood\/#primaryimage\",\"url\":\"http:\/\/southbeachlanguages.com\/wp-content\/uploads\/2016\/09\/hollywood-front-l.jpg\",\"contentUrl\":\"http:\/\/southbeachlanguages.com\/wp-content\/uploads\/2016\/09\/hollywood-front-l.jpg\"},{\"@type\":\"BreadcrumbList\",\"@id\":\"https:\/\/ec2-34-232-87-1.compute-1.amazonaws.com\/es\/hollywood\/#breadcrumb\",\"itemListElement\":[{\"@type\":\"ListItem\",\"position\":1,\"name\":\"Home\",\"item\":\"https:\/\/ec2-34-232-87-1.compute-1.amazonaws.com\/es\/\"},{\"@type\":\"ListItem\",\"position\":2,\"name\":\"Hollywood\"}]},{\"@type\":\"WebSite\",\"@id\":\"https:\/\/southbeachlanguages.com\/ru\/#website\",\"url\":\"https:\/\/southbeachlanguages.com\/ru\/\",\"name\":\"South Beach Languages\",\"description\":\"Language Schools in Miami and Hollywood - Learn English\",\"potentialAction\":[{\"@type\":\"SearchAction\",\"target\":{\"@type\":\"EntryPoint\",\"urlTemplate\":\"https:\/\/southbeachlanguages.com\/ru\/?s={search_term_string}\"},\"query-input\":{\"@type\":\"PropertyValueSpecification\",\"valueRequired\":true,\"valueName\":\"search_term_string\"}}],\"inLanguage\":\"es\"}]}<\/script>\n<!-- \/ Yoast SEO plugin. -->","yoast_head_json":{"title":"Hollywood - South Beach Languages","robots":{"index":"index","follow":"follow","max-snippet":"max-snippet:-1","max-image-preview":"max-image-preview:large","max-video-preview":"max-video-preview:-1"},"canonical":"https:\/\/ec2-34-232-87-1.compute-1.amazonaws.com\/es\/hollywood\/","og_locale":"es_ES","og_type":"article","og_title":"Hollywood - South Beach Languages","og_url":"https:\/\/ec2-34-232-87-1.compute-1.amazonaws.com\/es\/hollywood\/","og_site_name":"South Beach Languages","article_modified_time":"2024-12-04T17:10:37+00:00","og_image":[{"url":"http:\/\/southbeachlanguages.com\/wp-content\/uploads\/2016\/09\/hollywood-front-l.jpg","type":"","width":"","height":""}],"twitter_misc":{"Tiempo de lectura":"4 minutos"},"schema":{"@context":"https:\/\/schema.org","@graph":[{"@type":"WebPage","@id":"https:\/\/ec2-34-232-87-1.compute-1.amazonaws.com\/es\/hollywood\/","url":"https:\/\/ec2-34-232-87-1.compute-1.amazonaws.com\/es\/hollywood\/","name":"Hollywood - South Beach Languages","isPartOf":{"@id":"https:\/\/southbeachlanguages.com\/ru\/#website"},"primaryImageOfPage":{"@id":"https:\/\/ec2-34-232-87-1.compute-1.amazonaws.com\/es\/hollywood\/#primaryimage"},"image":{"@id":"https:\/\/ec2-34-232-87-1.compute-1.amazonaws.com\/es\/hollywood\/#primaryimage"},"thumbnailUrl":"http:\/\/southbeachlanguages.com\/wp-content\/uploads\/2016\/09\/hollywood-front-l.jpg","datePublished":"2016-09-13T18:14:20+00:00","dateModified":"2024-12-04T17:10:37+00:00","breadcrumb":{"@id":"https:\/\/ec2-34-232-87-1.compute-1.amazonaws.com\/es\/hollywood\/#breadcrumb"},"inLanguage":"es","potentialAction":[{"@type":"ReadAction","target":["https:\/\/ec2-34-232-87-1.compute-1.amazonaws.com\/es\/hollywood\/"]}]},{"@type":"ImageObject","inLanguage":"es","@id":"https:\/\/ec2-34-232-87-1.compute-1.amazonaws.com\/es\/hollywood\/#primaryimage","url":"http:\/\/southbeachlanguages.com\/wp-content\/uploads\/2016\/09\/hollywood-front-l.jpg","contentUrl":"http:\/\/southbeachlanguages.com\/wp-content\/uploads\/2016\/09\/hollywood-front-l.jpg"},{"@type":"BreadcrumbList","@id":"https:\/\/ec2-34-232-87-1.compute-1.amazonaws.com\/es\/hollywood\/#breadcrumb","itemListElement":[{"@type":"ListItem","position":1,"name":"Home","item":"https:\/\/ec2-34-232-87-1.compute-1.amazonaws.com\/es\/"},{"@type":"ListItem","position":2,"name":"Hollywood"}]},{"@type":"WebSite","@id":"https:\/\/southbeachlanguages.com\/ru\/#website","url":"https:\/\/southbeachlanguages.com\/ru\/","name":"South Beach Languages","description":"Language Schools in Miami and Hollywood - Learn English","potentialAction":[{"@type":"SearchAction","target":{"@type":"EntryPoint","urlTemplate":"https:\/\/southbeachlanguages.com\/ru\/?s={search_term_string}"},"query-input":{"@type":"PropertyValueSpecification","valueRequired":true,"valueName":"search_term_string"}}],"inLanguage":"es"}]}},"_links":{"self":[{"href":"https:\/\/southbeachlanguages.com\/es\/wp-json\/wp\/v2\/pages\/8642","targetHints":{"allow":["GET"]}}],"collection":[{"href":"https:\/\/southbeachlanguages.com\/es\/wp-json\/wp\/v2\/pages"}],"about":[{"href":"https:\/\/southbeachlanguages.com\/es\/wp-json\/wp\/v2\/types\/page"}],"author":[{"embeddable":true,"href":"https:\/\/southbeachlanguages.com\/es\/wp-json\/wp\/v2\/users\/8"}],"replies":[{"embeddable":true,"href":"https:\/\/southbeachlanguages.com\/es\/wp-json\/wp\/v2\/comments?post=8642"}],"version-history":[{"count":4,"href":"https:\/\/southbeachlanguages.com\/es\/wp-json\/wp\/v2\/pages\/8642\/revisions"}],"predecessor-version":[{"id":20066,"href":"https:\/\/southbeachlanguages.com\/es\/wp-json\/wp\/v2\/pages\/8642\/revisions\/20066"}],"wp:attachment":[{"href":"https:\/\/southbeachlanguages.com\/es\/wp-json\/wp\/v2\/media?parent=8642"}],"curies":[{"name":"wp","href":"https:\/\/api.w.org\/{rel}","templated":true}]}}