{"id":5130,"date":"2013-07-23T15:36:19","date_gmt":"2013-07-23T15:36:19","guid":{"rendered":"http:\/\/southbeachlanguages.com\/?page_id=5130"},"modified":"2026-04-04T14:40:51","modified_gmt":"2026-04-04T18:40:51","slug":"accommodations","status":"publish","type":"page","link":"https:\/\/southbeachlanguages.com\/fr\/accommodations\/","title":{"rendered":"Logement"},"content":{"rendered":"<p><div class=\"fusion-fullwidth fullwidth-box fusion-builder-row-1 hundred-percent-fullwidth non-hundred-percent-height-scrolling\" style=\"--awb-background-position:left top;--awb-border-radius-top-left:0px;--awb-border-radius-top-right:0px;--awb-border-radius-bottom-right:0px;--awb-border-radius-bottom-left:0px;--awb-padding-top:20px;--awb-padding-right:0px;--awb-padding-bottom:20px;--awb-padding-left:30px;--awb-border-sizes-top:0px;--awb-border-sizes-bottom:0px;--awb-flex-wrap:wrap;\" ><div class=\"fusion-builder-row fusion-row\"><div class=\"fusion-layout-column fusion_builder_column fusion-builder-column-0 fusion_builder_column_1_3 1_3 fusion-one-third fusion-column-first\" style=\"--awb-bg-size:cover;width:30.6666%; margin-right: 4%;\"><div class=\"fusion-column-wrapper fusion-flex-column-wrapper-legacy\"><div class=\"fusion-title title fusion-title-1 fusion-title-text fusion-title-size-two\"><h2 class=\"fusion-title-heading title-heading-left fusion-responsive-typography-calculated\" style=\"margin:0;--fontSize:36;line-height:1;\">Logement \u00e0\u00a0Miami<\/h2><span class=\"awb-title-spacer\"><\/span><div class=\"title-sep-container\"><div class=\"title-sep sep-single sep-solid\" style=\"border-color:#e0dede;\"><\/div><\/div><\/div><div class=\"fusion-text fusion-text-1\"><\/div>\n<p><strong>Practice English with your virtual American family on <a href=\"https:\/\/homestay-app.com\/\">HomeStay-App.com<\/a><\/strong><\/p>\n<p align=\"left\"><span class=\"fusion-dropcap dropcap\">M<\/span>iami Beach est reconnu mondialement pour sa culture, ses activit\u00e9s et l\u2019h\u00e9bergement. En arrivant \u00e0 Miami, la plus part des \u00e9tudiants choisissent de vivre \u00e0 \u2018South Beach\u2019, la partie sud c\u00e9l\u00e8bre de\u00a0 Miami Beach. L\u2019un des grands avantages de vivre \u00e0 Miami Beach est que la voiture n\u2019est g\u00e9n\u00e9ralement pas n\u00e9cessaire.\u00a0\u00a0Les plages, les restaurants, les commerces et les \u00e9coles sont tous accessibles \u00e0 pied ou \u00e0 v\u00e9lo.<\/p>\n<p align=\"left\"><span class=\"fusion-dropcap dropcap\">H<\/span>ollywood, Florida,\u00a0\u00e0 environ 30 miles au nord de Miami, est un endroit parfait entre Miami &amp; Ft. Lauderdale.<\/p>\n<p align=\"left\">Hollywood est c\u00e9l\u00e8bre pour sa promenade de plage unique qui permet la course, le v\u00e9lo, le patinage et des miles de boutiques et de restaurants.<\/p>\n<p>Les logements peuvent comprendre des auberges, des h\u00f4tels, des s\u00e9jours \u00e0 domicile ou des appartements \u00e0 long terme.<\/p>\n<p>&nbsp;<\/p>\n<div class=\"fusion-sep-clear\"><\/div><div class=\"fusion-separator fusion-full-width-sep\" style=\"margin-left: auto;margin-right: auto;margin-top:30px;margin-bottom:30px;width:100%;\"><div class=\"fusion-separator-border sep-shadow\" style=\"--awb-height:20px;--awb-amount:20px;background:radial-gradient(ellipse at 50% -50% , #e0dede 0px, rgba(255, 255, 255, 0) 80%) repeat scroll 0 0 rgba(0, 0, 0, 0);background:-webkit-radial-gradient(ellipse at 50% -50% , #e0dede 0px, rgba(255, 255, 255, 0) 80%) repeat scroll 0 0 rgba(0, 0, 0, 0);background:-moz-radial-gradient(ellipse at 50% -50% , #e0dede 0px, rgba(255, 255, 255, 0) 80%) repeat scroll 0 0 rgba(0, 0, 0, 0);background:-o-radial-gradient(ellipse at 50% -50% , #e0dede 0px, rgba(255, 255, 255, 0) 80%) repeat scroll 0 0 rgba(0, 0, 0, 0);\"><\/div><\/div><div class=\"fusion-sep-clear\"><\/div><div class=\"fusion-clearfix\"><\/div><\/div><\/div><div class=\"fusion-layout-column fusion_builder_column fusion-builder-column-1 fusion_builder_column_2_3 2_3 fusion-two-third fusion-column-last\" style=\"--awb-bg-size:cover;width:65.3333%;\"><div class=\"fusion-column-wrapper fusion-flex-column-wrapper-legacy\"><div class=\"fusion-text fusion-text-2\"><div id=\"jig1\" class=\"justified-image-grid jig-c38f5e64278b7ccf7c62a0857e9c4b1d jig-preset-3 jig-source-wp-gallery\"><div class=\"jig-clearfix\"><\/div><noscript id=\"jig1-html\" class=\"justified-image-grid-html\" data-lazy-src=\"skiplazyload\" data-src=\"skipunveillazyload\"><ul><li><a href=\"https:\/\/southbeachlanguages.com\/wp-content\/uploads\/2016\/09\/miami-welcome.jpg\"><img decoding=\"async\" src=\"https:\/\/southbeachlanguages.com\/wp-content\/uploads\/2016\/09\/miami-welcome.jpg\" alt=\"miami-welcome\" width=\"765\" height=\"430\" \/><\/a><p class=\"jig-HTMLdescription\">miami-welcome<\/p><\/li><li><a href=\"https:\/\/southbeachlanguages.com\/wp-content\/uploads\/2016\/09\/miami-airport.jpg\"><img decoding=\"async\" src=\"https:\/\/southbeachlanguages.com\/wp-content\/uploads\/2016\/09\/miami-airport.jpg\" alt=\"miami-airport\" width=\"765\" height=\"430\" \/><\/a><p class=\"jig-HTMLdescription\">miami-airport<\/p><\/li><li><a href=\"https:\/\/southbeachlanguages.com\/wp-content\/uploads\/2016\/09\/miami-hostel.jpg\"><img decoding=\"async\" src=\"https:\/\/southbeachlanguages.com\/wp-content\/uploads\/2016\/09\/miami-hostel.jpg\" alt=\"miami-hostel\" width=\"765\" height=\"430\" \/><\/a><p class=\"jig-HTMLdescription\">miami-hostel<\/p><\/li><li><a href=\"https:\/\/southbeachlanguages.com\/wp-content\/uploads\/2016\/09\/miami-accomodation.jpg\"><img decoding=\"async\" src=\"https:\/\/southbeachlanguages.com\/wp-content\/uploads\/2016\/09\/miami-accomodation.jpg\" alt=\"miami-accomodation\" width=\"765\" height=\"430\" \/><\/a><p class=\"jig-HTMLdescription\">miami-accomodation<\/p><\/li><li><a href=\"https:\/\/southbeachlanguages.com\/wp-content\/uploads\/2016\/09\/miami-skyline.jpg\"><img decoding=\"async\" src=\"https:\/\/southbeachlanguages.com\/wp-content\/uploads\/2016\/09\/miami-skyline.jpg\" alt=\"miami-skyline\" width=\"765\" height=\"430\" \/><\/a><p class=\"jig-HTMLdescription\">miami-skyline<\/p><\/li><li><a href=\"https:\/\/southbeachlanguages.com\/wp-content\/uploads\/2016\/09\/miami-beach-restaurants.jpg\"><img decoding=\"async\" src=\"https:\/\/southbeachlanguages.com\/wp-content\/uploads\/2016\/09\/miami-beach-restaurants.jpg\" alt=\"miami-beach-restaurants\" width=\"765\" height=\"430\" \/><\/a><p class=\"jig-HTMLdescription\">miami-beach-restaurants<\/p><\/li><li><a href=\"https:\/\/southbeachlanguages.com\/wp-content\/uploads\/2016\/09\/miami-troley.jpg\"><img decoding=\"async\" src=\"https:\/\/southbeachlanguages.com\/wp-content\/uploads\/2016\/09\/miami-troley.jpg\" alt=\"miami-troley\" width=\"765\" height=\"430\" \/><\/a><p class=\"jig-HTMLdescription\">miami-troley<\/p><\/li><li><a href=\"https:\/\/southbeachlanguages.com\/wp-content\/uploads\/2016\/09\/hollywood-downtown.jpg\"><img decoding=\"async\" src=\"https:\/\/southbeachlanguages.com\/wp-content\/uploads\/2016\/09\/hollywood-downtown.jpg\" alt=\"hollywood-downtown\" width=\"765\" height=\"430\" \/><\/a><p class=\"jig-HTMLdescription\">hollywood-downtown<\/p><\/li><li><a href=\"https:\/\/southbeachlanguages.com\/wp-content\/uploads\/2016\/09\/hollywood-food-trucks.jpg\"><img decoding=\"async\" src=\"https:\/\/southbeachlanguages.com\/wp-content\/uploads\/2016\/09\/hollywood-food-trucks.jpg\" alt=\"hollywood-food-trucks\" width=\"765\" height=\"430\" \/><\/a><p class=\"jig-HTMLdescription\">hollywood-food-trucks<\/p><\/li><li><a href=\"https:\/\/southbeachlanguages.com\/wp-content\/uploads\/2016\/09\/hollywood-beach.jpg\"><img decoding=\"async\" src=\"https:\/\/southbeachlanguages.com\/wp-content\/uploads\/2016\/09\/hollywood-beach.jpg\" alt=\"hollywood-beach\" width=\"765\" height=\"430\" \/><\/a><p class=\"jig-HTMLdescription\">hollywood-beach<\/p><\/li><\/ul><\/noscript><\/div>\n<\/div><div class=\"fusion-clearfix\"><\/div><\/div><\/div><\/div><\/div><div class=\"fusion-fullwidth fullwidth-box fusion-builder-row-2 hundred-percent-fullwidth non-hundred-percent-height-scrolling\" style=\"--awb-border-radius-top-left:0px;--awb-border-radius-top-right:0px;--awb-border-radius-bottom-right:0px;--awb-border-radius-bottom-left:0px;--awb-overflow:visible;--awb-padding-right:30px;--awb-padding-left:30px;--awb-flex-wrap:wrap;\" ><div class=\"fusion-builder-row fusion-row\"><div class=\"fusion-layout-column fusion_builder_column fusion-builder-column-2 fusion_builder_column_1_1 1_1 fusion-one-full fusion-column-first fusion-column-last fusion-column-no-min-height\" style=\"--awb-bg-size:cover;--awb-margin-bottom:0px;\"><div class=\"fusion-column-wrapper fusion-flex-column-wrapper-legacy\"><div class=\"fusion-text fusion-text-3\"><div class=\"fusion-fullwidth fullwidth-box fusion-builder-row-2-1 fusion-parallax-none nonhundred-percent-fullwidth non-hundred-percent-height-scrolling\" style=\"--awb-background-position:center bottom;--awb-border-sizes-top:0px;--awb-border-sizes-bottom:0px;--awb-border-sizes-left:0px;--awb-border-sizes-right:0px;--awb-border-radius-top-left:0px;--awb-border-radius-top-right:0px;--awb-border-radius-bottom-right:0px;--awb-border-radius-bottom-left:0px;--awb-padding-top:90px;--awb-padding-bottom:90px;--awb-background-color:#e2e2e2;--awb-background-image:url(&quot;http:\/\/southbeachlanguages.com\/wp-content\/uploads\/2012\/07\/CTA-Background.jpg&quot;);--awb-background-size:cover;--awb-flex-wrap:wrap;\" ><div class=\"fusion-builder-row fusion-row\"><div class=\"fusion-layout-column fusion_builder_column fusion-builder-column-3 fusion_builder_column_1_2 1_2 fusion-one-half fusion-column-first fusion-column-inner-bg-wrapper\" style=\"--awb-inner-bg-size:cover;width:48%; margin-right: 4%;\"><span class=\"fusion-column-inner-bg hover-type-none\"><a class=\"fusion-column-anchor\" href=\"http:\/\/southbeachlanguages.com\/contact-us\/\"><span class=\"fusion-column-inner-bg-image\"><\/span><\/a><\/span><div class=\"fusion-column-wrapper fusion-flex-column-wrapper-legacy\"><div class=\"fusion-image-element fusion-image-align-center in-legacy-container\" style=\"text-align:center;--awb-caption-title-font-family:var(--h2_typography-font-family);--awb-caption-title-font-weight:var(--h2_typography-font-weight);--awb-caption-title-font-style:var(--h2_typography-font-style);--awb-caption-title-size:var(--h2_typography-font-size);--awb-caption-title-transform:var(--h2_typography-text-transform);--awb-caption-title-line-height:var(--h2_typography-line-height);--awb-caption-title-letter-spacing:var(--h2_typography-letter-spacing);\"><div class=\"imageframe-align-center\"><span class=\" fusion-imageframe imageframe-none imageframe-1 hover-type-none\"><a class=\"fusion-no-lightbox\" href=\"#\" target=\"_self\"><img decoding=\"async\" alt=\"Contact Us\" src=\"http:\/\/southbeachlanguages.com\/wp-content\/uploads\/2012\/07\/Contact-Us-150x150.png\" class=\"img-responsive\"\/><\/a><\/span><\/div><\/div><div class=\"fusion-title title fusion-title-2 fusion-sep-none fusion-title-center fusion-title-text fusion-title-size-three\" style=\"--awb-margin-top:20px;\"><h3 class=\"fusion-title-heading title-heading-center fusion-responsive-typography-calculated\" style=\"margin:0;--fontSize:26;--minFontSize:26;line-height:1.56;\">CONTACT US<\/h3><\/div><div class=\"fusion-clearfix\"><\/div><\/div><\/div><div class=\"fusion-layout-column fusion_builder_column fusion-builder-column-4 fusion_builder_column_1_2 1_2 fusion-one-half fusion-column-last fusion-column-inner-bg-wrapper\" style=\"--awb-inner-bg-size:cover;width:48%;\"><span class=\"fusion-column-inner-bg hover-type-none\"><a class=\"fusion-column-anchor\" href=\"http:\/\/southbeachlanguages.com\/english-test\/\"><span class=\"fusion-column-inner-bg-image\"><\/span><\/a><\/span><div class=\"fusion-column-wrapper fusion-flex-column-wrapper-legacy\"><div class=\"fusion-image-element fusion-image-align-center in-legacy-container\" style=\"text-align:center;--awb-caption-title-font-family:var(--h2_typography-font-family);--awb-caption-title-font-weight:var(--h2_typography-font-weight);--awb-caption-title-font-style:var(--h2_typography-font-style);--awb-caption-title-size:var(--h2_typography-font-size);--awb-caption-title-transform:var(--h2_typography-text-transform);--awb-caption-title-line-height:var(--h2_typography-line-height);--awb-caption-title-letter-spacing:var(--h2_typography-letter-spacing);\"><div class=\"imageframe-align-center\"><span class=\" fusion-imageframe imageframe-none imageframe-2 hover-type-none\"><a class=\"fusion-no-lightbox\" href=\"#\" target=\"_self\"><img decoding=\"async\" alt=\"Take Online English Test\" src=\"http:\/\/southbeachlanguages.com\/wp-content\/uploads\/2012\/07\/English-Test-150x150.png\" class=\"img-responsive\"\/><\/a><\/span><\/div><\/div><div class=\"fusion-title title fusion-title-3 fusion-sep-none fusion-title-center fusion-title-text fusion-title-size-three\" style=\"--awb-margin-top:20px;\"><h3 class=\"fusion-title-heading title-heading-center fusion-responsive-typography-calculated\" style=\"margin:0;--fontSize:26;--minFontSize:26;line-height:1.56;\">ENGLISH TEST<\/h3><\/div><div class=\"fusion-clearfix\"><\/div><\/div><\/div><\/div><\/div>\n\n<\/div><div class=\"fusion-clearfix\"><\/div><\/div><\/div><\/div><\/div><\/p>\n","protected":false},"excerpt":{"rendered":"","protected":false},"author":9,"featured_media":0,"parent":0,"menu_order":0,"comment_status":"closed","ping_status":"closed","template":"100-width.php","meta":{"footnotes":""},"class_list":["post-5130","page","type-page","status-publish","hentry"],"yoast_head":"<!-- This site is optimized with the Yoast SEO plugin v27.2 - https:\/\/yoast.com\/product\/yoast-seo-wordpress\/ -->\n<title>Logement - South Beach Languages<\/title>\n<meta name=\"robots\" content=\"index, follow, max-snippet:-1, max-image-preview:large, max-video-preview:-1\" \/>\n<link rel=\"canonical\" href=\"https:\/\/ec2-34-232-87-1.compute-1.amazonaws.com\/fr\/accommodations\/\" \/>\n<meta property=\"og:locale\" content=\"fr_FR\" \/>\n<meta property=\"og:type\" content=\"article\" \/>\n<meta property=\"og:title\" content=\"Logement - South Beach Languages\" \/>\n<meta property=\"og:url\" content=\"https:\/\/ec2-34-232-87-1.compute-1.amazonaws.com\/fr\/accommodations\/\" \/>\n<meta property=\"og:site_name\" content=\"South Beach Languages\" \/>\n<meta property=\"article:modified_time\" content=\"2026-04-04T18:40:51+00:00\" \/>\n<meta name=\"twitter:label1\" content=\"Dur\u00e9e de lecture estim\u00e9e\" \/>\n\t<meta name=\"twitter:data1\" content=\"2 minutes\" \/>\n<script type=\"application\/ld+json\" class=\"yoast-schema-graph\">{\"@context\":\"https:\/\/schema.org\",\"@graph\":[{\"@type\":\"WebPage\",\"@id\":\"https:\/\/ec2-34-232-87-1.compute-1.amazonaws.com\/fr\/accommodations\/\",\"url\":\"https:\/\/ec2-34-232-87-1.compute-1.amazonaws.com\/fr\/accommodations\/\",\"name\":\"Logement - South Beach Languages\",\"isPartOf\":{\"@id\":\"https:\/\/southbeachlanguages.com\/ru\/#website\"},\"datePublished\":\"2013-07-23T15:36:19+00:00\",\"dateModified\":\"2026-04-04T18:40:51+00:00\",\"breadcrumb\":{\"@id\":\"https:\/\/ec2-34-232-87-1.compute-1.amazonaws.com\/fr\/accommodations\/#breadcrumb\"},\"inLanguage\":\"fr-FR\",\"potentialAction\":[{\"@type\":\"ReadAction\",\"target\":[\"https:\/\/ec2-34-232-87-1.compute-1.amazonaws.com\/fr\/accommodations\/\"]}]},{\"@type\":\"BreadcrumbList\",\"@id\":\"https:\/\/ec2-34-232-87-1.compute-1.amazonaws.com\/fr\/accommodations\/#breadcrumb\",\"itemListElement\":[{\"@type\":\"ListItem\",\"position\":1,\"name\":\"Home\",\"item\":\"https:\/\/southbeachlanguages.com\/fr\/\"},{\"@type\":\"ListItem\",\"position\":2,\"name\":\"Logement\"}]},{\"@type\":\"WebSite\",\"@id\":\"https:\/\/southbeachlanguages.com\/ru\/#website\",\"url\":\"https:\/\/southbeachlanguages.com\/ru\/\",\"name\":\"South Beach Languages\",\"description\":\"Language Schools in Miami and Hollywood - Learn English\",\"potentialAction\":[{\"@type\":\"SearchAction\",\"target\":{\"@type\":\"EntryPoint\",\"urlTemplate\":\"https:\/\/southbeachlanguages.com\/ru\/?s={search_term_string}\"},\"query-input\":{\"@type\":\"PropertyValueSpecification\",\"valueRequired\":true,\"valueName\":\"search_term_string\"}}],\"inLanguage\":\"fr-FR\"}]}<\/script>\n<!-- \/ Yoast SEO plugin. -->","yoast_head_json":{"title":"Logement - South Beach Languages","robots":{"index":"index","follow":"follow","max-snippet":"max-snippet:-1","max-image-preview":"max-image-preview:large","max-video-preview":"max-video-preview:-1"},"canonical":"https:\/\/ec2-34-232-87-1.compute-1.amazonaws.com\/fr\/accommodations\/","og_locale":"fr_FR","og_type":"article","og_title":"Logement - South Beach Languages","og_url":"https:\/\/ec2-34-232-87-1.compute-1.amazonaws.com\/fr\/accommodations\/","og_site_name":"South Beach Languages","article_modified_time":"2026-04-04T18:40:51+00:00","twitter_misc":{"Dur\u00e9e de lecture estim\u00e9e":"2 minutes"},"schema":{"@context":"https:\/\/schema.org","@graph":[{"@type":"WebPage","@id":"https:\/\/ec2-34-232-87-1.compute-1.amazonaws.com\/fr\/accommodations\/","url":"https:\/\/ec2-34-232-87-1.compute-1.amazonaws.com\/fr\/accommodations\/","name":"Logement - South Beach Languages","isPartOf":{"@id":"https:\/\/southbeachlanguages.com\/ru\/#website"},"datePublished":"2013-07-23T15:36:19+00:00","dateModified":"2026-04-04T18:40:51+00:00","breadcrumb":{"@id":"https:\/\/ec2-34-232-87-1.compute-1.amazonaws.com\/fr\/accommodations\/#breadcrumb"},"inLanguage":"fr-FR","potentialAction":[{"@type":"ReadAction","target":["https:\/\/ec2-34-232-87-1.compute-1.amazonaws.com\/fr\/accommodations\/"]}]},{"@type":"BreadcrumbList","@id":"https:\/\/ec2-34-232-87-1.compute-1.amazonaws.com\/fr\/accommodations\/#breadcrumb","itemListElement":[{"@type":"ListItem","position":1,"name":"Home","item":"https:\/\/southbeachlanguages.com\/fr\/"},{"@type":"ListItem","position":2,"name":"Logement"}]},{"@type":"WebSite","@id":"https:\/\/southbeachlanguages.com\/ru\/#website","url":"https:\/\/southbeachlanguages.com\/ru\/","name":"South Beach Languages","description":"Language Schools in Miami and Hollywood - Learn English","potentialAction":[{"@type":"SearchAction","target":{"@type":"EntryPoint","urlTemplate":"https:\/\/southbeachlanguages.com\/ru\/?s={search_term_string}"},"query-input":{"@type":"PropertyValueSpecification","valueRequired":true,"valueName":"search_term_string"}}],"inLanguage":"fr-FR"}]}},"_links":{"self":[{"href":"https:\/\/southbeachlanguages.com\/fr\/wp-json\/wp\/v2\/pages\/5130","targetHints":{"allow":["GET"]}}],"collection":[{"href":"https:\/\/southbeachlanguages.com\/fr\/wp-json\/wp\/v2\/pages"}],"about":[{"href":"https:\/\/southbeachlanguages.com\/fr\/wp-json\/wp\/v2\/types\/page"}],"author":[{"embeddable":true,"href":"https:\/\/southbeachlanguages.com\/fr\/wp-json\/wp\/v2\/users\/9"}],"replies":[{"embeddable":true,"href":"https:\/\/southbeachlanguages.com\/fr\/wp-json\/wp\/v2\/comments?post=5130"}],"version-history":[{"count":5,"href":"https:\/\/southbeachlanguages.com\/fr\/wp-json\/wp\/v2\/pages\/5130\/revisions"}],"predecessor-version":[{"id":20208,"href":"https:\/\/southbeachlanguages.com\/fr\/wp-json\/wp\/v2\/pages\/5130\/revisions\/20208"}],"wp:attachment":[{"href":"https:\/\/southbeachlanguages.com\/fr\/wp-json\/wp\/v2\/media?parent=5130"}],"curies":[{"name":"wp","href":"https:\/\/api.w.org\/{rel}","templated":true}]}}