{"id":8637,"date":"2016-09-13T14:14:20","date_gmt":"2016-09-13T18:14:20","guid":{"rendered":"http:\/\/southbeachlanguages.com\/fr\/hollywood\/"},"modified":"2020-05-28T06:56:44","modified_gmt":"2020-05-28T10:56:44","slug":"hollywood","status":"publish","type":"page","link":"https:\/\/southbeachlanguages.com\/fr\/hollywood\/","title":{"rendered":"Hollywood"},"content":{"rendered":"<p><div class=\"fusion-fullwidth fullwidth-box fusion-builder-row-1 hundred-percent-fullwidth non-hundred-percent-height-scrolling fusion-equal-height-columns\" style=\"--awb-background-position:left top;--awb-border-radius-top-left:0px;--awb-border-radius-top-right:0px;--awb-border-radius-bottom-right:0px;--awb-border-radius-bottom-left:0px;--awb-padding-top:20px;--awb-padding-right:0px;--awb-padding-bottom:20px;--awb-padding-left:30px;--awb-border-sizes-top:0px;--awb-border-sizes-bottom:0px;--awb-flex-wrap:wrap;\" ><div class=\"fusion-builder-row fusion-row\"><div class=\"fusion-layout-column fusion_builder_column fusion-builder-column-0 fusion_builder_column_1_3 1_3 fusion-one-third fusion-column-first\" style=\"--awb-bg-size:cover;width:30.6666%; margin-right: 4%;\" id=\"school_facility\"><div class=\"fusion-column-wrapper fusion-flex-column-wrapper-legacy\"><div class=\"fusion-title title fusion-title-1 fusion-title-text fusion-title-size-two\"><h2 class=\"fusion-title-heading title-heading-left fusion-responsive-typography-calculated\" style=\"margin:0;--fontSize:36;line-height:1;\">L&rsquo;\u00e9cole<\/h2><span class=\"awb-title-spacer\"><\/span><div class=\"title-sep-container\"><div class=\"title-sep sep-single sep-solid\" style=\"border-color:#e0dede;\"><\/div><\/div><\/div><div class=\"fusion-text fusion-text-1\"><p>Notre \u00e9cole &lsquo;SBL North\u2019 offre des cours collectifs dans notre immeuble professionnel au centre-ville de Hollywood, en Floride. Cet \u00e9difice offre un parking gratuit et une vari\u00e9t\u00e9 de restaurants \u00e0 proximit\u00e9. Nous sommes \u00e0 moins de 2 miles de la c\u00e9l\u00e8bre plage de Hollywood. Hollywood est id\u00e9alement situ\u00e9 entre Ft. Lauderdale et Miami.<\/p>\n<\/div><div class=\"fusion-sep-clear\"><\/div><div class=\"fusion-separator fusion-full-width-sep\" style=\"margin-left: auto;margin-right: auto;margin-top:50px;width:100%;\"><\/div><div class=\"fusion-sep-clear\"><\/div><div class=\"fusion-image-element in-legacy-container\" style=\"--awb-caption-title-font-family:var(--h2_typography-font-family);--awb-caption-title-font-weight:var(--h2_typography-font-weight);--awb-caption-title-font-style:var(--h2_typography-font-style);--awb-caption-title-size:var(--h2_typography-font-size);--awb-caption-title-transform:var(--h2_typography-text-transform);--awb-caption-title-line-height:var(--h2_typography-line-height);--awb-caption-title-letter-spacing:var(--h2_typography-letter-spacing);\"><span class=\" fusion-imageframe imageframe-none imageframe-1 hover-type-none fusion-animated\" data-animationType=\"zoomInDown\" data-animationDuration=\"0.1\" data-animationOffset=\"top-into-view\"><img decoding=\"async\" alt=\"Free wifi\" src=\"http:\/\/southbeachlanguages.com\/wp-content\/uploads\/2015\/04\/free-wifi.png\" class=\"img-responsive\"\/><\/span><\/div><div class=\"fusion-image-element in-legacy-container\" style=\"--awb-caption-title-font-family:var(--h2_typography-font-family);--awb-caption-title-font-weight:var(--h2_typography-font-weight);--awb-caption-title-font-style:var(--h2_typography-font-style);--awb-caption-title-size:var(--h2_typography-font-size);--awb-caption-title-transform:var(--h2_typography-text-transform);--awb-caption-title-line-height:var(--h2_typography-line-height);--awb-caption-title-letter-spacing:var(--h2_typography-letter-spacing);\"><span class=\" fusion-imageframe imageframe-none imageframe-2 hover-type-none fusion-animated\" data-animationType=\"zoomInDown\" data-animationDuration=\"0.1\" data-animationOffset=\"top-into-view\"><img decoding=\"async\" alt=\"Free wifi\" src=\"http:\/\/southbeachlanguages.com\/wp-content\/uploads\/2015\/04\/student-lounge.png\" class=\"img-responsive\"\/><\/span><\/div><div class=\"fusion-image-element in-legacy-container\" style=\"--awb-caption-title-font-family:var(--h2_typography-font-family);--awb-caption-title-font-weight:var(--h2_typography-font-weight);--awb-caption-title-font-style:var(--h2_typography-font-style);--awb-caption-title-size:var(--h2_typography-font-size);--awb-caption-title-transform:var(--h2_typography-text-transform);--awb-caption-title-line-height:var(--h2_typography-line-height);--awb-caption-title-letter-spacing:var(--h2_typography-letter-spacing);\"><span class=\" fusion-imageframe imageframe-none imageframe-3 hover-type-none fusion-animated\" data-animationType=\"zoomInDown\" data-animationDuration=\"0.1\" data-animationOffset=\"top-into-view\"><img decoding=\"async\" alt=\"Free wifi\" src=\"http:\/\/southbeachlanguages.com\/wp-content\/uploads\/2015\/04\/coffee.png\" class=\"img-responsive\"\/><\/span><\/div><div class=\"fusion-image-element in-legacy-container\" style=\"--awb-caption-title-font-family:var(--h2_typography-font-family);--awb-caption-title-font-weight:var(--h2_typography-font-weight);--awb-caption-title-font-style:var(--h2_typography-font-style);--awb-caption-title-size:var(--h2_typography-font-size);--awb-caption-title-transform:var(--h2_typography-text-transform);--awb-caption-title-line-height:var(--h2_typography-line-height);--awb-caption-title-letter-spacing:var(--h2_typography-letter-spacing);\"><span class=\" fusion-imageframe imageframe-none imageframe-4 hover-type-none fusion-animated\" data-animationType=\"zoomInDown\" data-animationDuration=\"0.1\" data-animationOffset=\"top-into-view\"><img decoding=\"async\" alt=\"Free wifi\" src=\"http:\/\/southbeachlanguages.com\/wp-content\/uploads\/2015\/04\/close-to-beach.png\" class=\"img-responsive\"\/><\/span><\/div><div class=\"fusion-sep-clear\"><\/div><div class=\"fusion-separator fusion-full-width-sep\" style=\"margin-left: auto;margin-right: auto;margin-top:50px;width:100%;\"><\/div><div class=\"fusion-sep-clear\"><\/div><div class=\"fusion-title title fusion-title-2 fusion-title-text fusion-title-size-two\"><h2 class=\"fusion-title-heading title-heading-left fusion-responsive-typography-calculated\" style=\"margin:0;--fontSize:36;line-height:1;\">Location<\/h2><span class=\"awb-title-spacer\"><\/span><div class=\"title-sep-container\"><div class=\"title-sep sep-single sep-solid\" style=\"border-color:#e0dede;\"><\/div><\/div><\/div><p>One Oakwood Blvd. #150<br>\r\nHollywood, FL 33020\r\n<\/p>\r\n<p><a href=\"https:\/\/www.google.com\/maps\/dir\/\/South+Beach+Languages+-+Hollywood,+One+Oakwood+Blvd+%23150,+Hollywood,+FL+33020\/@26.037995,-80.3014909,11z\/data=!4m9!4m8!1m0!1m5!1m1!1s0x88d901b7a282a10f:0xa51030ae4dcb0b5e!2m2!1d-80.1615523!2d26.0379953!3e0?hl=en\" onclick=\"_gaq.push(['_trackEvent', 'outbound-widget', 'https:\/\/www.google.com\/maps\/dir\/\/South+Beach+Languages+-+Hollywood,+One+Oakwood+Blvd+%23150,+Hollywood,+FL+33020\/@26.037995,-80.3014909,11z\/data=!4m9!4m8!1m0!1m5!1m1!1s0x88d901b7a282a10f:0xa51030ae4dcb0b5e!2m2!1d-80.1615523!2d26.0379953!3e0?hl=en, 'Get Directions >']);\" target=\"_blank\" rel=\"nofollow\">Get Directions ><\/a><\/p>\r\n<p><strong>Phone:<\/strong> <a href=\"tel:9546134916\">(954) 613-4916<\/a><\/p>\r\n\r\n<strong><img decoding=\"async\" src=\"https:\/\/southbeachlanguages.com\/wp-content\/uploads\/2016\/10\/whatsapp-icon.png\" border=\"0\" \/> Whatsapp<\/strong>\r\n\r\n<a href=\"tel:+13058154271\">+1 305-815-4271<\/a>\r\n<br \/>\r\n<strong>Email:<\/strong> <a href=\"mailto:info@southbeachlanguages.com\">info@southbeachlanguages.com<\/a><div class=\"fusion-clearfix\"><\/div><\/div><\/div><div class=\"fusion-layout-column fusion_builder_column fusion-builder-column-1 fusion_builder_column_2_3 2_3 fusion-two-third fusion-column-last\" style=\"--awb-bg-size:cover;width:65.3333%;\"><div class=\"fusion-column-wrapper fusion-flex-column-wrapper-legacy\"><div class=\"fusion-text fusion-text-2\"><div id=\"jig1\" class=\"justified-image-grid jig-b190edce72d88d2070f5b182542c7906 jig-preset-3 jig-source-wp-gallery\"><div class=\"jig-clearfix\"><\/div><noscript id=\"jig1-html\" class=\"justified-image-grid-html\" data-lazy-src=\"skiplazyload\" data-src=\"skipunveillazyload\"><ul><li><a href=\"https:\/\/southbeachlanguages.com\/wp-content\/uploads\/2016\/10\/hollywood-beach-location.jpg\"><img decoding=\"async\" src=\"https:\/\/southbeachlanguages.com\/wp-content\/uploads\/2016\/10\/hollywood-beach-location.jpg\" alt=\"hollywood-beach-location\" width=\"600\" height=\"310\" \/><\/a><p class=\"jig-HTMLdescription\">hollywood-beach-location<\/p><\/li><li><a href=\"https:\/\/southbeachlanguages.com\/wp-content\/uploads\/2016\/09\/hollywood-front.jpg\"><img decoding=\"async\" src=\"https:\/\/southbeachlanguages.com\/wp-content\/uploads\/2016\/09\/hollywood-front.jpg\" alt=\"hollywood-front\" width=\"600\" height=\"310\" \/><\/a><p class=\"jig-HTMLdescription\">hollywood-front<\/p><\/li><li><a href=\"https:\/\/southbeachlanguages.com\/wp-content\/uploads\/2015\/04\/61.jpg\" title=\"61\"><img decoding=\"async\" src=\"https:\/\/southbeachlanguages.com\/wp-content\/uploads\/2015\/04\/61.jpg\" alt=\"6\" width=\"600\" height=\"310\" \/><\/a><p class=\"jig-HTMLdescription\">6<br\/>61<\/p><\/li><li><a href=\"https:\/\/southbeachlanguages.com\/wp-content\/uploads\/2015\/04\/31.jpg\" title=\"31\"><img decoding=\"async\" src=\"https:\/\/southbeachlanguages.com\/wp-content\/uploads\/2015\/04\/31.jpg\" alt=\"3\" width=\"600\" height=\"310\" \/><\/a><p class=\"jig-HTMLdescription\">3<br\/>31<\/p><\/li><li><a href=\"https:\/\/southbeachlanguages.com\/wp-content\/uploads\/2016\/10\/hollywood-students.jpg\"><img decoding=\"async\" src=\"https:\/\/southbeachlanguages.com\/wp-content\/uploads\/2016\/10\/hollywood-students.jpg\" alt=\"hollywood-students\" width=\"600\" height=\"310\" \/><\/a><p class=\"jig-HTMLdescription\">hollywood-students<\/p><\/li><li><a href=\"https:\/\/southbeachlanguages.com\/wp-content\/uploads\/2015\/04\/41.jpg\" title=\"41\"><img decoding=\"async\" src=\"https:\/\/southbeachlanguages.com\/wp-content\/uploads\/2015\/04\/41.jpg\" alt=\"4\" width=\"600\" height=\"310\" \/><\/a><p class=\"jig-HTMLdescription\">4<br\/>41<\/p><\/li><\/ul><\/noscript><\/div>\n<\/div><div class=\"fusion-image-element in-legacy-container\" style=\"--awb-caption-title-font-family:var(--h2_typography-font-family);--awb-caption-title-font-weight:var(--h2_typography-font-weight);--awb-caption-title-font-style:var(--h2_typography-font-style);--awb-caption-title-size:var(--h2_typography-font-size);--awb-caption-title-transform:var(--h2_typography-text-transform);--awb-caption-title-line-height:var(--h2_typography-line-height);--awb-caption-title-letter-spacing:var(--h2_typography-letter-spacing);\"><span class=\" fusion-imageframe imageframe-none imageframe-5 hover-type-none\"><img decoding=\"async\" src=\"http:\/\/southbeachlanguages.com\/wp-content\/uploads\/2016\/09\/hollywood-front-l.jpg\" alt class=\"img-responsive\"\/><\/span><\/div><div class=\"fusion-clearfix\"><\/div><\/div><\/div><\/div><\/div><div class=\"fusion-fullwidth fullwidth-box fusion-builder-row-2 hundred-percent-fullwidth non-hundred-percent-height-scrolling\" style=\"--awb-border-radius-top-left:0px;--awb-border-radius-top-right:0px;--awb-border-radius-bottom-right:0px;--awb-border-radius-bottom-left:0px;--awb-overflow:visible;--awb-padding-right:30px;--awb-padding-left:30px;--awb-flex-wrap:wrap;\" ><div class=\"fusion-builder-row fusion-row\"><div class=\"fusion-layout-column fusion_builder_column fusion-builder-column-2 fusion_builder_column_1_1 1_1 fusion-one-full fusion-column-first fusion-column-last fusion-column-no-min-height\" style=\"--awb-bg-size:cover;--awb-margin-bottom:0px;\"><div class=\"fusion-column-wrapper fusion-flex-column-wrapper-legacy\"><div class=\"fusion-text fusion-text-3\"><div class=\"fusion-fullwidth fullwidth-box fusion-builder-row-2-1 fusion-parallax-none nonhundred-percent-fullwidth non-hundred-percent-height-scrolling\" style=\"--awb-background-position:center bottom;--awb-border-sizes-top:0px;--awb-border-sizes-bottom:0px;--awb-border-sizes-left:0px;--awb-border-sizes-right:0px;--awb-border-radius-top-left:0px;--awb-border-radius-top-right:0px;--awb-border-radius-bottom-right:0px;--awb-border-radius-bottom-left:0px;--awb-padding-top:90px;--awb-padding-bottom:90px;--awb-background-color:#e2e2e2;--awb-background-image:url(&quot;http:\/\/southbeachlanguages.com\/wp-content\/uploads\/2012\/07\/CTA-Background.jpg&quot;);--awb-background-size:cover;--awb-flex-wrap:wrap;\" ><div class=\"fusion-builder-row fusion-row\"><div class=\"fusion-layout-column fusion_builder_column fusion-builder-column-3 fusion_builder_column_1_2 1_2 fusion-one-half fusion-column-first fusion-column-inner-bg-wrapper\" style=\"--awb-inner-bg-size:cover;width:48%; margin-right: 4%;\"><span class=\"fusion-column-inner-bg hover-type-none\"><a class=\"fusion-column-anchor\" href=\"http:\/\/southbeachlanguages.com\/contact-us\/\"><span class=\"fusion-column-inner-bg-image\"><\/span><\/a><\/span><div class=\"fusion-column-wrapper fusion-flex-column-wrapper-legacy\"><div class=\"fusion-image-element fusion-image-align-center in-legacy-container\" style=\"text-align:center;--awb-caption-title-font-family:var(--h2_typography-font-family);--awb-caption-title-font-weight:var(--h2_typography-font-weight);--awb-caption-title-font-style:var(--h2_typography-font-style);--awb-caption-title-size:var(--h2_typography-font-size);--awb-caption-title-transform:var(--h2_typography-text-transform);--awb-caption-title-line-height:var(--h2_typography-line-height);--awb-caption-title-letter-spacing:var(--h2_typography-letter-spacing);\"><div class=\"imageframe-align-center\"><span class=\" fusion-imageframe imageframe-none imageframe-6 hover-type-none\"><a class=\"fusion-no-lightbox\" href=\"#\" target=\"_self\"><img decoding=\"async\" alt=\"Contact Us\" src=\"http:\/\/southbeachlanguages.com\/wp-content\/uploads\/2012\/07\/Contact-Us-150x150.png\" class=\"img-responsive\"\/><\/a><\/span><\/div><\/div><div class=\"fusion-title title fusion-title-3 fusion-sep-none fusion-title-center fusion-title-text fusion-title-size-three\" style=\"--awb-margin-top:20px;\"><h3 class=\"fusion-title-heading title-heading-center fusion-responsive-typography-calculated\" style=\"margin:0;--fontSize:26;--minFontSize:26;line-height:1.56;\">CONTACT US<\/h3><\/div><div class=\"fusion-clearfix\"><\/div><\/div><\/div><div class=\"fusion-layout-column fusion_builder_column fusion-builder-column-4 fusion_builder_column_1_2 1_2 fusion-one-half fusion-column-last fusion-column-inner-bg-wrapper\" style=\"--awb-inner-bg-size:cover;width:48%;\"><span class=\"fusion-column-inner-bg hover-type-none\"><a class=\"fusion-column-anchor\" href=\"http:\/\/southbeachlanguages.com\/english-test\/\"><span class=\"fusion-column-inner-bg-image\"><\/span><\/a><\/span><div class=\"fusion-column-wrapper fusion-flex-column-wrapper-legacy\"><div class=\"fusion-image-element fusion-image-align-center in-legacy-container\" style=\"text-align:center;--awb-caption-title-font-family:var(--h2_typography-font-family);--awb-caption-title-font-weight:var(--h2_typography-font-weight);--awb-caption-title-font-style:var(--h2_typography-font-style);--awb-caption-title-size:var(--h2_typography-font-size);--awb-caption-title-transform:var(--h2_typography-text-transform);--awb-caption-title-line-height:var(--h2_typography-line-height);--awb-caption-title-letter-spacing:var(--h2_typography-letter-spacing);\"><div class=\"imageframe-align-center\"><span class=\" fusion-imageframe imageframe-none imageframe-7 hover-type-none\"><a class=\"fusion-no-lightbox\" href=\"#\" target=\"_self\"><img decoding=\"async\" alt=\"Take Online English Test\" src=\"http:\/\/southbeachlanguages.com\/wp-content\/uploads\/2012\/07\/English-Test-150x150.png\" class=\"img-responsive\"\/><\/a><\/span><\/div><\/div><div class=\"fusion-title title fusion-title-4 fusion-sep-none fusion-title-center fusion-title-text fusion-title-size-three\" style=\"--awb-margin-top:20px;\"><h3 class=\"fusion-title-heading title-heading-center fusion-responsive-typography-calculated\" style=\"margin:0;--fontSize:26;--minFontSize:26;line-height:1.56;\">ENGLISH TEST<\/h3><\/div><div class=\"fusion-clearfix\"><\/div><\/div><\/div><\/div><\/div>\n\n<\/div><div class=\"fusion-clearfix\"><\/div><\/div><\/div><\/div><\/div><\/p>\n","protected":false},"excerpt":{"rendered":"","protected":false},"author":1,"featured_media":0,"parent":0,"menu_order":0,"comment_status":"closed","ping_status":"closed","template":"100-width.php","meta":{"footnotes":""},"class_list":["post-8637","page","type-page","status-publish","hentry"],"yoast_head":"<!-- This site is optimized with the Yoast SEO plugin v27.2 - https:\/\/yoast.com\/product\/yoast-seo-wordpress\/ -->\n<title>Hollywood - South Beach Languages<\/title>\n<meta name=\"robots\" content=\"index, follow, max-snippet:-1, max-image-preview:large, max-video-preview:-1\" \/>\n<link rel=\"canonical\" href=\"https:\/\/sbl.edu\/hollywood\/\" \/>\n<meta property=\"og:locale\" content=\"fr_FR\" \/>\n<meta property=\"og:type\" content=\"article\" \/>\n<meta property=\"og:title\" content=\"Hollywood - South Beach Languages\" \/>\n<meta property=\"og:url\" content=\"https:\/\/sbl.edu\/hollywood\/\" \/>\n<meta property=\"og:site_name\" content=\"South Beach Languages\" \/>\n<meta property=\"article:modified_time\" content=\"2020-05-28T10:56:44+00:00\" \/>\n<meta property=\"og:image\" content=\"http:\/\/southbeachlanguages.com\/wp-content\/uploads\/2015\/04\/free-wifi.png\" \/>\n<meta name=\"twitter:label1\" content=\"Dur\u00e9e de lecture estim\u00e9e\" \/>\n\t<meta name=\"twitter:data1\" content=\"4 minutes\" \/>\n<script type=\"application\/ld+json\" class=\"yoast-schema-graph\">{\"@context\":\"https:\/\/schema.org\",\"@graph\":[{\"@type\":\"WebPage\",\"@id\":\"https:\/\/sbl.edu\/hollywood\/\",\"url\":\"https:\/\/sbl.edu\/hollywood\/\",\"name\":\"Hollywood - South Beach Languages\",\"isPartOf\":{\"@id\":\"https:\/\/southbeachlanguages.com\/#website\"},\"primaryImageOfPage\":{\"@id\":\"https:\/\/sbl.edu\/hollywood\/#primaryimage\"},\"image\":{\"@id\":\"https:\/\/sbl.edu\/hollywood\/#primaryimage\"},\"thumbnailUrl\":\"http:\/\/southbeachlanguages.com\/wp-content\/uploads\/2015\/04\/free-wifi.png\",\"datePublished\":\"2016-09-13T18:14:20+00:00\",\"dateModified\":\"2020-05-28T10:56:44+00:00\",\"breadcrumb\":{\"@id\":\"https:\/\/sbl.edu\/hollywood\/#breadcrumb\"},\"inLanguage\":\"fr-FR\",\"potentialAction\":[{\"@type\":\"ReadAction\",\"target\":[\"https:\/\/sbl.edu\/hollywood\/\"]}]},{\"@type\":\"ImageObject\",\"inLanguage\":\"fr-FR\",\"@id\":\"https:\/\/sbl.edu\/hollywood\/#primaryimage\",\"url\":\"http:\/\/southbeachlanguages.com\/wp-content\/uploads\/2015\/04\/free-wifi.png\",\"contentUrl\":\"http:\/\/southbeachlanguages.com\/wp-content\/uploads\/2015\/04\/free-wifi.png\"},{\"@type\":\"BreadcrumbList\",\"@id\":\"https:\/\/sbl.edu\/hollywood\/#breadcrumb\",\"itemListElement\":[{\"@type\":\"ListItem\",\"position\":1,\"name\":\"Home\",\"item\":\"https:\/\/southbeachlanguages.com\/fr\/\"},{\"@type\":\"ListItem\",\"position\":2,\"name\":\"Hollywood\"}]},{\"@type\":\"WebSite\",\"@id\":\"https:\/\/southbeachlanguages.com\/#website\",\"url\":\"https:\/\/southbeachlanguages.com\/\",\"name\":\"South Beach Languages\",\"description\":\"Language Schools in Miami and Hollywood - Learn English\",\"potentialAction\":[{\"@type\":\"SearchAction\",\"target\":{\"@type\":\"EntryPoint\",\"urlTemplate\":\"https:\/\/southbeachlanguages.com\/?s={search_term_string}\"},\"query-input\":{\"@type\":\"PropertyValueSpecification\",\"valueRequired\":true,\"valueName\":\"search_term_string\"}}],\"inLanguage\":\"fr-FR\"}]}<\/script>\n<!-- \/ Yoast SEO plugin. -->","yoast_head_json":{"title":"Hollywood - South Beach Languages","robots":{"index":"index","follow":"follow","max-snippet":"max-snippet:-1","max-image-preview":"max-image-preview:large","max-video-preview":"max-video-preview:-1"},"canonical":"https:\/\/sbl.edu\/hollywood\/","og_locale":"fr_FR","og_type":"article","og_title":"Hollywood - South Beach Languages","og_url":"https:\/\/sbl.edu\/hollywood\/","og_site_name":"South Beach Languages","article_modified_time":"2020-05-28T10:56:44+00:00","og_image":[{"url":"http:\/\/southbeachlanguages.com\/wp-content\/uploads\/2015\/04\/free-wifi.png","type":"","width":"","height":""}],"twitter_misc":{"Dur\u00e9e de lecture estim\u00e9e":"4 minutes"},"schema":{"@context":"https:\/\/schema.org","@graph":[{"@type":"WebPage","@id":"https:\/\/sbl.edu\/hollywood\/","url":"https:\/\/sbl.edu\/hollywood\/","name":"Hollywood - South Beach Languages","isPartOf":{"@id":"https:\/\/southbeachlanguages.com\/#website"},"primaryImageOfPage":{"@id":"https:\/\/sbl.edu\/hollywood\/#primaryimage"},"image":{"@id":"https:\/\/sbl.edu\/hollywood\/#primaryimage"},"thumbnailUrl":"http:\/\/southbeachlanguages.com\/wp-content\/uploads\/2015\/04\/free-wifi.png","datePublished":"2016-09-13T18:14:20+00:00","dateModified":"2020-05-28T10:56:44+00:00","breadcrumb":{"@id":"https:\/\/sbl.edu\/hollywood\/#breadcrumb"},"inLanguage":"fr-FR","potentialAction":[{"@type":"ReadAction","target":["https:\/\/sbl.edu\/hollywood\/"]}]},{"@type":"ImageObject","inLanguage":"fr-FR","@id":"https:\/\/sbl.edu\/hollywood\/#primaryimage","url":"http:\/\/southbeachlanguages.com\/wp-content\/uploads\/2015\/04\/free-wifi.png","contentUrl":"http:\/\/southbeachlanguages.com\/wp-content\/uploads\/2015\/04\/free-wifi.png"},{"@type":"BreadcrumbList","@id":"https:\/\/sbl.edu\/hollywood\/#breadcrumb","itemListElement":[{"@type":"ListItem","position":1,"name":"Home","item":"https:\/\/southbeachlanguages.com\/fr\/"},{"@type":"ListItem","position":2,"name":"Hollywood"}]},{"@type":"WebSite","@id":"https:\/\/southbeachlanguages.com\/#website","url":"https:\/\/southbeachlanguages.com\/","name":"South Beach Languages","description":"Language Schools in Miami and Hollywood - Learn English","potentialAction":[{"@type":"SearchAction","target":{"@type":"EntryPoint","urlTemplate":"https:\/\/southbeachlanguages.com\/?s={search_term_string}"},"query-input":{"@type":"PropertyValueSpecification","valueRequired":true,"valueName":"search_term_string"}}],"inLanguage":"fr-FR"}]}},"_links":{"self":[{"href":"https:\/\/southbeachlanguages.com\/fr\/wp-json\/wp\/v2\/pages\/8637","targetHints":{"allow":["GET"]}}],"collection":[{"href":"https:\/\/southbeachlanguages.com\/fr\/wp-json\/wp\/v2\/pages"}],"about":[{"href":"https:\/\/southbeachlanguages.com\/fr\/wp-json\/wp\/v2\/types\/page"}],"author":[{"embeddable":true,"href":"https:\/\/southbeachlanguages.com\/fr\/wp-json\/wp\/v2\/users\/1"}],"replies":[{"embeddable":true,"href":"https:\/\/southbeachlanguages.com\/fr\/wp-json\/wp\/v2\/comments?post=8637"}],"version-history":[{"count":0,"href":"https:\/\/southbeachlanguages.com\/fr\/wp-json\/wp\/v2\/pages\/8637\/revisions"}],"wp:attachment":[{"href":"https:\/\/southbeachlanguages.com\/fr\/wp-json\/wp\/v2\/media?parent=8637"}],"curies":[{"name":"wp","href":"https:\/\/api.w.org\/{rel}","templated":true}]}}